{"id":2619,"date":"2020-03-23T11:35:45","date_gmt":"2020-03-23T10:35:45","guid":{"rendered":"https:\/\/www.lagazel.com\/pourquoi-choisir-nos-lampes-et-kits-solaires-lagazel\/"},"modified":"2022-10-05T14:57:16","modified_gmt":"2022-10-05T12:57:16","slug":"pourquoi-choisir-nos-lampes-et-kits-solaires-lagazel","status":"publish","type":"page","link":"https:\/\/www.lagazel.com\/en\/pourquoi-choisir-nos-lampes-et-kits-solaires-lagazel\/","title":{"rendered":"Why choose lagazel products"},"content":{"rendered":"<p><div class=\"fusion-fullwidth fullwidth-box fusion-builder-row-1 nonhundred-percent-fullwidth non-hundred-percent-height-scrolling\" style=\"background-color: rgba(255,255,255,0);background-position: center center;background-repeat: no-repeat;padding-top:0px;padding-right:2%;padding-bottom:0px;padding-left:2%;margin-bottom: 30px;margin-top: 70px;border-width: 0px 0px 0px 0px;border-color:#eae9e9;border-style:solid;\" ><div class=\"fusion-builder-row fusion-row\"><div class=\"fusion-layout-column fusion_builder_column fusion-builder-column-0 fusion_builder_column_1_1 1_1 fusion-one-full fusion-column-first fusion-column-last\" style=\"margin-top:0px;margin-bottom:20px;\"><div class=\"fusion-column-wrapper fusion-flex-column-wrapper-legacy\" style=\"background-position:left top;background-repeat:no-repeat;-webkit-background-size:cover;-moz-background-size:cover;-o-background-size:cover;background-size:cover;padding: 0px 8% 0px 8%;\"><div class=\"imageframe-align-center\"><span class=\" fusion-imageframe imageframe-none imageframe-1 hover-type-none\" style=\"max-width:60px;\"><img decoding=\"async\" width=\"80\" height=\"38\" title=\"picto-jaune\" data-src=\"https:\/\/www.lagazel.com\/wp-content\/uploads\/2018\/10\/picto-jaune.png\" class=\"img-responsive wp-image-501 lazyload\" src=\"data:image\/gif;base64,R0lGODlhAQABAAAAACH5BAEKAAEALAAAAAABAAEAAAICTAEAOw==\" style=\"--smush-placeholder-width: 80px; --smush-placeholder-aspect-ratio: 80\/38;\" \/><\/span><\/div><div class=\"fusion-text fusion-text-1\"><h1 style=\"text-align: center; text-transform: uppercase; color: rgba(66,75,94,0.7);\">WHY CHOOSE <span style=\"color: #212121;\">LAGAZEL PRODUCTS?<\/span><\/h1>\n<\/div><div class=\"fusion-sep-clear\"><\/div><div class=\"fusion-separator fusion-full-width-sep\" style=\"margin-left: auto;margin-right: auto;margin-top:30px;width:100%;\"><\/div><div class=\"fusion-sep-clear\"><\/div><div class=\"fusion-text fusion-text-2\"><p style=\"text-align: center;\">Above and beyond its project and its commitment to an economic system that is fair and beneficial to all, Lagazel owes its success to the quality and the robustness of its products, which are appreciated for occasional use (camping, time in remote areas, evening trips), and for daily use (for people that do not have access to electricity).<\/p>\n<p style=\"text-align: center;\">If you are looking for a <strong>solar lamp that is powerful, resistant, and autonomous over a long period of time<\/strong>, we encourage you to take a good look at our site, where you can discover the many advantages of our solar lamps!<\/p>\n<\/div><div class=\"fusion-clearfix\"><\/div><\/div><\/div><\/div><\/div><div class=\"fusion-fullwidth fullwidth-box fusion-builder-row-2 fusion-parallax-fixed hundred-percent-fullwidth non-hundred-percent-height-scrolling lazyload\" style=\"background-color: rgba(255,255,255,0);background-image:inherit;background-position: center center;background-repeat: no-repeat;padding-top:0px;padding-right:0px;padding-bottom:0px;padding-left:0px;margin-bottom: 0px;margin-top: 0px;border-width: 0px 0px 0px 0px;border-color:#eae9e9;border-style:solid;-webkit-background-size:cover;-moz-background-size:cover;-o-background-size:cover;background-size:cover;background-attachment:fixed;\"  data-bg-image=\"url(&quot;https:\/\/www.lagazel.com\/wp-content\/uploads\/2018\/10\/lagazel-gamme-noir.jpg&quot;)\"><div class=\"fusion-builder-row fusion-row\"><div class=\"fusion-layout-column fusion_builder_column fusion-builder-column-1 fusion_builder_column_1_1 1_1 fusion-one-full fusion-column-first fusion-column-last\" style=\"margin-top:0px;margin-bottom:20px;\"><div class=\"fusion-column-wrapper fusion-flex-column-wrapper-legacy\" style=\"background-position:left top;background-repeat:no-repeat;-webkit-background-size:cover;-moz-background-size:cover;-o-background-size:cover;background-size:cover;padding: 0px 8% 0px 8%;\"><div class=\"fusion-builder-row fusion-builder-row-inner fusion-row\"><div class=\"fusion-layout-column fusion_builder_column_inner fusion-builder-nested-column-0 fusion_builder_column_inner_1_3 1_3 fusion-one-third fusion-column-first text-light\" style=\"width:33.333333333333%;width:calc(33.333333333333% - ( ( 4% + 4% ) * 0.33333333333333 ) );margin-right: 4%;margin-top:0px;margin-bottom:20px;\"><div class=\"fusion-column-wrapper fusion-flex-column-wrapper-legacy\" style=\"background-position:left top;background-repeat:no-repeat;-webkit-background-size:cover;-moz-background-size:cover;-o-background-size:cover;background-size:cover;padding: 25% 0px 25% 0px;\"><div class=\"imageframe-align-center\"><span class=\" fusion-imageframe imageframe-none imageframe-2 hover-type-none\" style=\"max-width:230px;\"><img decoding=\"async\" width=\"548\" height=\"452\" title=\"picto-puissance\" data-src=\"https:\/\/www.lagazel.com\/wp-content\/uploads\/2018\/10\/picto-puissance.png\" class=\"img-responsive wp-image-667 lazyload\" data-srcset=\"https:\/\/www.lagazel.com\/wp-content\/uploads\/2018\/10\/picto-puissance-200x165.png 200w, https:\/\/www.lagazel.com\/wp-content\/uploads\/2018\/10\/picto-puissance-400x330.png 400w, https:\/\/www.lagazel.com\/wp-content\/uploads\/2018\/10\/picto-puissance.png 548w\" data-sizes=\"(max-width: 600px) 100vw, 400px\" src=\"data:image\/gif;base64,R0lGODlhAQABAAAAACH5BAEKAAEALAAAAAABAAEAAAICTAEAOw==\" style=\"--smush-placeholder-width: 548px; --smush-placeholder-aspect-ratio: 548\/452;\" \/><\/span><\/div><div class=\"fusion-sep-clear\"><\/div><div class=\"fusion-separator fusion-full-width-sep\" style=\"margin-left: auto;margin-right: auto;margin-top:20px;width:100%;\"><\/div><div class=\"fusion-sep-clear\"><\/div><div class=\"fusion-text fusion-text-3 text-light\"><p style=\"text-align: center;\"><a style=\"text-decoration: none; text-transform: uppercase; font-family: 'Barlow Semi Condensed', sans-serif; font-size: 1.2em; font-weight: bold; color: #fff;\" href=\"https:\/\/www.lagazel.com\/en\/lampe-solaire-portable-notre-gamme-de-modeles-lagazel\/\">A POWERFUL SOLAR LAMP<\/a><\/p>\n<\/div><div class=\"fusion-aligncenter\"><style type=\"text\/css\">.fusion-button.button-1 .fusion-button-text, .fusion-button.button-1 i {color:#ffffff;}.fusion-button.button-1 .fusion-button-icon-divider{border-color:#ffffff;}.fusion-button.button-1:hover .fusion-button-text, .fusion-button.button-1:hover i,.fusion-button.button-1:focus .fusion-button-text, .fusion-button.button-1:focus i,.fusion-button.button-1:active .fusion-button-text, .fusion-button.button-1:active{color:rgba(255,255,255,0.77);}.fusion-button.button-1:hover .fusion-button-icon-divider, .fusion-button.button-1:hover .fusion-button-icon-divider, .fusion-button.button-1:active .fusion-button-icon-divider{border-color:rgba(255,255,255,0.77);}.fusion-button.button-1:hover, .fusion-button.button-1:focus, .fusion-button.button-1:active{border-color:rgba(255,255,255,0.77);}.fusion-button.button-1 {border-color:#ffffff;border-radius:0px;}.fusion-button.button-1{background: #424b5e;}.fusion-button.button-1:hover,.button-1:focus,.fusion-button.button-1:active{background: rgba(66,75,94,0.85);\n\t\t\t\t\t\t\tbackground-image: -webkit-gradient( linear, left bottom, left top, from( rgba(66,75,94,0.62) ), to( rgba(66,75,94,0.85) ) );\n\t\t\t\t\t\t\tbackground-image: -webkit-linear-gradient( bottom, rgba(66,75,94,0.62), rgba(66,75,94,0.85) );\n\t\t\t\t\t\t\tbackground-image:   -moz-linear-gradient( bottom, rgba(66,75,94,0.62), rgba(66,75,94,0.85) );\n\t\t\t\t\t\t\tbackground-image:     -o-linear-gradient( bottom, rgba(66,75,94,0.62), rgba(66,75,94,0.85) );\n\t\t\t\t\t\t\tbackground-image: linear-gradient( to top, rgba(66,75,94,0.62), rgba(66,75,94,0.85) );}<\/style><a class=\"fusion-button button-flat button-medium button-custom button-1 fusion-button-default-span fusion-button-default-type\" target=\"_self\" href=\"https:\/\/www.lagazel.com\/en\/lampe-solaire-puissante-pour-votre-eclairage-lagazel\/\"><span class=\"fusion-button-text\">IN LEARN MORE<\/span><\/a><\/div><div class=\"fusion-clearfix\"><\/div><\/div><\/div><div class=\"fusion-layout-column fusion_builder_column_inner fusion-builder-nested-column-1 fusion_builder_column_inner_1_3 1_3 fusion-one-third\" style=\"width:33.333333333333%;width:calc(33.333333333333% - ( ( 4% + 4% ) * 0.33333333333333 ) );margin-right: 4%;margin-top:0px;margin-bottom:20px;\"><div class=\"fusion-column-wrapper fusion-flex-column-wrapper-legacy\" style=\"background-position:left top;background-repeat:no-repeat;-webkit-background-size:cover;-moz-background-size:cover;-o-background-size:cover;background-size:cover;padding: 25% 0px 25% 0px;\"><div class=\"imageframe-align-center\"><span class=\" fusion-imageframe imageframe-none imageframe-3 hover-type-none\" style=\"max-width:230px;\"><img decoding=\"async\" width=\"548\" height=\"452\" title=\"picto-autonomie\" data-src=\"https:\/\/www.lagazel.com\/wp-content\/uploads\/2018\/10\/picto-autonomie.png\" class=\"img-responsive wp-image-671 lazyload\" data-srcset=\"https:\/\/www.lagazel.com\/wp-content\/uploads\/2018\/10\/picto-autonomie-200x165.png 200w, https:\/\/www.lagazel.com\/wp-content\/uploads\/2018\/10\/picto-autonomie-400x330.png 400w, https:\/\/www.lagazel.com\/wp-content\/uploads\/2018\/10\/picto-autonomie.png 548w\" data-sizes=\"(max-width: 600px) 100vw, 400px\" src=\"data:image\/gif;base64,R0lGODlhAQABAAAAACH5BAEKAAEALAAAAAABAAEAAAICTAEAOw==\" style=\"--smush-placeholder-width: 548px; --smush-placeholder-aspect-ratio: 548\/452;\" \/><\/span><\/div><div class=\"fusion-sep-clear\"><\/div><div class=\"fusion-separator fusion-full-width-sep\" style=\"margin-left: auto;margin-right: auto;margin-top:20px;width:100%;\"><\/div><div class=\"fusion-sep-clear\"><\/div><div class=\"fusion-text fusion-text-4 text-light\"><p style=\"text-align: center;\"><a style=\"text-decoration: none; text-transform: uppercase; font-family: 'Barlow Semi Condensed', sans-serif; font-size: 1.2em; font-weight: bold; color: #fff;\" href=\"https:\/\/www.lagazel.com\/en\/lampe-solaire-portable-notre-gamme-de-modeles-lagazel\/\">A HIGH AUTONOMY SOLAR LAMP <\/a><\/p>\n<\/div><div class=\"fusion-aligncenter\"><style type=\"text\/css\">.fusion-button.button-2 .fusion-button-text, .fusion-button.button-2 i {color:#ffffff;}.fusion-button.button-2 .fusion-button-icon-divider{border-color:#ffffff;}.fusion-button.button-2:hover .fusion-button-text, .fusion-button.button-2:hover i,.fusion-button.button-2:focus .fusion-button-text, .fusion-button.button-2:focus i,.fusion-button.button-2:active .fusion-button-text, .fusion-button.button-2:active{color:rgba(255,255,255,0.77);}.fusion-button.button-2:hover .fusion-button-icon-divider, .fusion-button.button-2:hover .fusion-button-icon-divider, .fusion-button.button-2:active .fusion-button-icon-divider{border-color:rgba(255,255,255,0.77);}.fusion-button.button-2:hover, .fusion-button.button-2:focus, .fusion-button.button-2:active{border-color:rgba(255,255,255,0.77);}.fusion-button.button-2 {border-color:#ffffff;border-radius:0px;}.fusion-button.button-2{background: #424b5e;}.fusion-button.button-2:hover,.button-2:focus,.fusion-button.button-2:active{background: rgba(66,75,94,0.85);\n\t\t\t\t\t\t\tbackground-image: -webkit-gradient( linear, left bottom, left top, from( rgba(66,75,94,0.62) ), to( rgba(66,75,94,0.85) ) );\n\t\t\t\t\t\t\tbackground-image: -webkit-linear-gradient( bottom, rgba(66,75,94,0.62), rgba(66,75,94,0.85) );\n\t\t\t\t\t\t\tbackground-image:   -moz-linear-gradient( bottom, rgba(66,75,94,0.62), rgba(66,75,94,0.85) );\n\t\t\t\t\t\t\tbackground-image:     -o-linear-gradient( bottom, rgba(66,75,94,0.62), rgba(66,75,94,0.85) );\n\t\t\t\t\t\t\tbackground-image: linear-gradient( to top, rgba(66,75,94,0.62), rgba(66,75,94,0.85) );}<\/style><a class=\"fusion-button button-flat button-medium button-custom button-2 fusion-button-default-span fusion-button-default-type\" target=\"_self\" href=\"https:\/\/www.lagazel.com\/en\/lampe-solaire-grande-autonomie-et-portable-lagazel\/\"><span class=\"fusion-button-text\">IN LEARN MORE<\/span><\/a><\/div><div class=\"fusion-clearfix\"><\/div><\/div><\/div><div class=\"fusion-layout-column fusion_builder_column_inner fusion-builder-nested-column-2 fusion_builder_column_inner_1_3 1_3 fusion-one-third fusion-column-last\" style=\"width:33.333333333333%;width:calc(33.333333333333% - ( ( 4% + 4% ) * 0.33333333333333 ) );margin-top:0px;margin-bottom:20px;\"><div class=\"fusion-column-wrapper fusion-flex-column-wrapper-legacy\" style=\"background-position:left top;background-repeat:no-repeat;-webkit-background-size:cover;-moz-background-size:cover;-o-background-size:cover;background-size:cover;padding: 25% 0px 25% 0px;\"><div class=\"imageframe-align-center\"><span class=\" fusion-imageframe imageframe-none imageframe-4 hover-type-none\" style=\"max-width:230px;\"><img decoding=\"async\" width=\"548\" height=\"452\" title=\"Picto-robuste\" data-src=\"https:\/\/www.lagazel.com\/wp-content\/uploads\/2018\/10\/Picto-robuste.png\" class=\"img-responsive wp-image-669 lazyload\" data-srcset=\"https:\/\/www.lagazel.com\/wp-content\/uploads\/2018\/10\/Picto-robuste-200x165.png 200w, https:\/\/www.lagazel.com\/wp-content\/uploads\/2018\/10\/Picto-robuste-400x330.png 400w, https:\/\/www.lagazel.com\/wp-content\/uploads\/2018\/10\/Picto-robuste.png 548w\" data-sizes=\"(max-width: 600px) 100vw, 400px\" src=\"data:image\/gif;base64,R0lGODlhAQABAAAAACH5BAEKAAEALAAAAAABAAEAAAICTAEAOw==\" style=\"--smush-placeholder-width: 548px; --smush-placeholder-aspect-ratio: 548\/452;\" \/><\/span><\/div><div class=\"fusion-sep-clear\"><\/div><div class=\"fusion-separator fusion-full-width-sep\" style=\"margin-left: auto;margin-right: auto;margin-top:20px;width:100%;\"><\/div><div class=\"fusion-sep-clear\"><\/div><div class=\"fusion-text fusion-text-5 text-light\"><p style=\"text-align: center;\"><a style=\"text-decoration: none; text-transform: uppercase; font-family: 'Barlow Semi Condensed', sans-serif; font-size: 1.2em; font-weight: bold; color: #fff;\" href=\"https:\/\/www.lagazel.com\/en\/lampe-solaire-portable-notre-gamme-de-modeles-lagazel\/\">A RUGGED SOLAR LAMP <\/a><\/p>\n<\/div><div class=\"fusion-aligncenter\"><style type=\"text\/css\">.fusion-button.button-3 .fusion-button-text, .fusion-button.button-3 i {color:#ffffff;}.fusion-button.button-3 .fusion-button-icon-divider{border-color:#ffffff;}.fusion-button.button-3:hover .fusion-button-text, .fusion-button.button-3:hover i,.fusion-button.button-3:focus .fusion-button-text, .fusion-button.button-3:focus i,.fusion-button.button-3:active .fusion-button-text, .fusion-button.button-3:active{color:rgba(255,255,255,0.77);}.fusion-button.button-3:hover .fusion-button-icon-divider, .fusion-button.button-3:hover .fusion-button-icon-divider, .fusion-button.button-3:active .fusion-button-icon-divider{border-color:rgba(255,255,255,0.77);}.fusion-button.button-3:hover, .fusion-button.button-3:focus, .fusion-button.button-3:active{border-color:rgba(255,255,255,0.77);}.fusion-button.button-3 {border-color:#ffffff;border-radius:0px;}.fusion-button.button-3{background: #424b5e;}.fusion-button.button-3:hover,.button-3:focus,.fusion-button.button-3:active{background: rgba(66,75,94,0.85);\n\t\t\t\t\t\t\tbackground-image: -webkit-gradient( linear, left bottom, left top, from( rgba(66,75,94,0.62) ), to( rgba(66,75,94,0.85) ) );\n\t\t\t\t\t\t\tbackground-image: -webkit-linear-gradient( bottom, rgba(66,75,94,0.62), rgba(66,75,94,0.85) );\n\t\t\t\t\t\t\tbackground-image:   -moz-linear-gradient( bottom, rgba(66,75,94,0.62), rgba(66,75,94,0.85) );\n\t\t\t\t\t\t\tbackground-image:     -o-linear-gradient( bottom, rgba(66,75,94,0.62), rgba(66,75,94,0.85) );\n\t\t\t\t\t\t\tbackground-image: linear-gradient( to top, rgba(66,75,94,0.62), rgba(66,75,94,0.85) );}<\/style><a class=\"fusion-button button-flat button-medium button-custom button-3 fusion-button-default-span fusion-button-default-type\" target=\"_self\" href=\"https:\/\/www.lagazel.com\/en\/lampe-solaire-solide-robuste-et-portable-lagazel\/\"><span class=\"fusion-button-text\">IN LEARN MORE<\/span><\/a><\/div><div class=\"fusion-clearfix\"><\/div><\/div><\/div><\/div><div class=\"fusion-clearfix\"><\/div><\/div><\/div><\/div><\/div><div class=\"fusion-fullwidth fullwidth-box fusion-builder-row-3 hundred-percent-fullwidth non-hundred-percent-height-scrolling\" style=\"background-color: #333333;background-position: center center;background-repeat: no-repeat;padding-top:1%;padding-right:0px;padding-bottom:1%;padding-left:0px;margin-bottom: -3px;margin-top: 0px;border-width: 0px 0px 0px 0px;border-color:#eae9e9;border-style:solid;\" ><div class=\"fusion-builder-row fusion-row\"><\/div><\/div>\n<\/p>\n","protected":false},"excerpt":{"rendered":"","protected":false},"author":2,"featured_media":0,"parent":0,"menu_order":0,"comment_status":"closed","ping_status":"closed","template":"100-width.php","meta":{"om_disable_all_campaigns":false,"_monsterinsights_skip_tracking":false,"_monsterinsights_sitenote_active":false,"_monsterinsights_sitenote_note":"","_monsterinsights_sitenote_category":0,"footnotes":""},"class_list":["post-2619","page","type-page","status-publish","hentry"],"aioseo_notices":[],"yoast_head":"<!-- This site is optimized with the Yoast SEO plugin v24.9 - https:\/\/yoast.com\/wordpress\/plugins\/seo\/ -->\n<title>Pourquoi choisir nos lampes et kits solaires ? - Lagazel<\/title>\n<meta name=\"description\" content=\"Pourquoi choisir Lagazel ? D\u00e9couvrez les sp\u00e9cificit\u00e9s de nos produits et leur valeur ajout\u00e9e sur le march\u00e9 des lampes et kits solaires. Choisissez Lagazel pour un \u00e9clairage solaire robuste, fiable et accessible.\" \/>\n<meta name=\"robots\" content=\"index, follow, max-snippet:-1, max-image-preview:large, max-video-preview:-1\" \/>\n<link rel=\"canonical\" href=\"https:\/\/www.lagazel.com\/en\/pourquoi-choisir-nos-lampes-et-kits-solaires-lagazel\/\" \/>\n<meta property=\"og:locale\" content=\"en_US\" \/>\n<meta property=\"og:type\" content=\"article\" \/>\n<meta property=\"og:title\" content=\"Pourquoi choisir nos lampes et kits solaires ? - Lagazel\" \/>\n<meta property=\"og:description\" content=\"Pourquoi choisir Lagazel ? D\u00e9couvrez les sp\u00e9cificit\u00e9s de nos produits et leur valeur ajout\u00e9e sur le march\u00e9 des lampes et kits solaires. Choisissez Lagazel pour un \u00e9clairage solaire robuste, fiable et accessible.\" \/>\n<meta property=\"og:url\" content=\"https:\/\/www.lagazel.com\/en\/pourquoi-choisir-nos-lampes-et-kits-solaires-lagazel\/\" \/>\n<meta property=\"og:site_name\" content=\"Lagazel\" \/>\n<meta property=\"article:modified_time\" content=\"2022-10-05T12:57:16+00:00\" \/>\n<meta name=\"twitter:card\" content=\"summary_large_image\" \/>\n<meta name=\"twitter:label1\" content=\"Est. reading time\" \/>\n\t<meta name=\"twitter:data1\" content=\"4 minutes\" \/>\n<script type=\"application\/ld+json\" class=\"yoast-schema-graph\">{\"@context\":\"https:\/\/schema.org\",\"@graph\":[{\"@type\":\"WebPage\",\"@id\":\"https:\/\/www.lagazel.com\/en\/pourquoi-choisir-nos-lampes-et-kits-solaires-lagazel\/\",\"url\":\"https:\/\/www.lagazel.com\/en\/pourquoi-choisir-nos-lampes-et-kits-solaires-lagazel\/\",\"name\":\"Pourquoi choisir nos lampes et kits solaires ? - Lagazel\",\"isPartOf\":{\"@id\":\"https:\/\/www.lagazel.com\/en\/#website\"},\"datePublished\":\"2020-03-23T10:35:45+00:00\",\"dateModified\":\"2022-10-05T12:57:16+00:00\",\"description\":\"Pourquoi choisir Lagazel ? D\u00e9couvrez les sp\u00e9cificit\u00e9s de nos produits et leur valeur ajout\u00e9e sur le march\u00e9 des lampes et kits solaires. Choisissez Lagazel pour un \u00e9clairage solaire robuste, fiable et accessible.\",\"breadcrumb\":{\"@id\":\"https:\/\/www.lagazel.com\/en\/pourquoi-choisir-nos-lampes-et-kits-solaires-lagazel\/#breadcrumb\"},\"inLanguage\":\"en-US\",\"potentialAction\":[{\"@type\":\"ReadAction\",\"target\":[\"https:\/\/www.lagazel.com\/en\/pourquoi-choisir-nos-lampes-et-kits-solaires-lagazel\/\"]}]},{\"@type\":\"BreadcrumbList\",\"@id\":\"https:\/\/www.lagazel.com\/en\/pourquoi-choisir-nos-lampes-et-kits-solaires-lagazel\/#breadcrumb\",\"itemListElement\":[{\"@type\":\"ListItem\",\"position\":1,\"name\":\"Home\",\"item\":\"https:\/\/www.lagazel.com\/en\/\"},{\"@type\":\"ListItem\",\"position\":2,\"name\":\"Choose Lagazel\"}]},{\"@type\":\"WebSite\",\"@id\":\"https:\/\/www.lagazel.com\/en\/#website\",\"url\":\"https:\/\/www.lagazel.com\/en\/\",\"name\":\"Lagazel\",\"description\":\"Fabricant de lampe solaire pour l&#039;Afrique\",\"publisher\":{\"@id\":\"https:\/\/www.lagazel.com\/en\/#organization\"},\"potentialAction\":[{\"@type\":\"SearchAction\",\"target\":{\"@type\":\"EntryPoint\",\"urlTemplate\":\"https:\/\/www.lagazel.com\/en\/?s={search_term_string}\"},\"query-input\":{\"@type\":\"PropertyValueSpecification\",\"valueRequired\":true,\"valueName\":\"search_term_string\"}}],\"inLanguage\":\"en-US\"},{\"@type\":\"Organization\",\"@id\":\"https:\/\/www.lagazel.com\/en\/#organization\",\"name\":\"Lagazel\",\"url\":\"https:\/\/www.lagazel.com\/en\/\",\"logo\":{\"@type\":\"ImageObject\",\"inLanguage\":\"en-US\",\"@id\":\"https:\/\/www.lagazel.com\/en\/#\/schema\/logo\/image\/\",\"url\":\"https:\/\/www.lagazel.com\/wp-content\/uploads\/2018\/05\/lagazel-lampe-solaire-logo-grand.png\",\"contentUrl\":\"https:\/\/www.lagazel.com\/wp-content\/uploads\/2018\/05\/lagazel-lampe-solaire-logo-grand.png\",\"width\":170,\"height\":153,\"caption\":\"Lagazel\"},\"image\":{\"@id\":\"https:\/\/www.lagazel.com\/en\/#\/schema\/logo\/image\/\"}}]}<\/script>\n<!-- \/ Yoast SEO plugin. -->","yoast_head_json":{"title":"Pourquoi choisir nos lampes et kits solaires ? - Lagazel","description":"Pourquoi choisir Lagazel ? D\u00e9couvrez les sp\u00e9cificit\u00e9s de nos produits et leur valeur ajout\u00e9e sur le march\u00e9 des lampes et kits solaires. Choisissez Lagazel pour un \u00e9clairage solaire robuste, fiable et accessible.","robots":{"index":"index","follow":"follow","max-snippet":"max-snippet:-1","max-image-preview":"max-image-preview:large","max-video-preview":"max-video-preview:-1"},"canonical":"https:\/\/www.lagazel.com\/en\/pourquoi-choisir-nos-lampes-et-kits-solaires-lagazel\/","og_locale":"en_US","og_type":"article","og_title":"Pourquoi choisir nos lampes et kits solaires ? - Lagazel","og_description":"Pourquoi choisir Lagazel ? D\u00e9couvrez les sp\u00e9cificit\u00e9s de nos produits et leur valeur ajout\u00e9e sur le march\u00e9 des lampes et kits solaires. Choisissez Lagazel pour un \u00e9clairage solaire robuste, fiable et accessible.","og_url":"https:\/\/www.lagazel.com\/en\/pourquoi-choisir-nos-lampes-et-kits-solaires-lagazel\/","og_site_name":"Lagazel","article_modified_time":"2022-10-05T12:57:16+00:00","twitter_card":"summary_large_image","twitter_misc":{"Est. reading time":"4 minutes"},"schema":{"@context":"https:\/\/schema.org","@graph":[{"@type":"WebPage","@id":"https:\/\/www.lagazel.com\/en\/pourquoi-choisir-nos-lampes-et-kits-solaires-lagazel\/","url":"https:\/\/www.lagazel.com\/en\/pourquoi-choisir-nos-lampes-et-kits-solaires-lagazel\/","name":"Pourquoi choisir nos lampes et kits solaires ? - Lagazel","isPartOf":{"@id":"https:\/\/www.lagazel.com\/en\/#website"},"datePublished":"2020-03-23T10:35:45+00:00","dateModified":"2022-10-05T12:57:16+00:00","description":"Pourquoi choisir Lagazel ? D\u00e9couvrez les sp\u00e9cificit\u00e9s de nos produits et leur valeur ajout\u00e9e sur le march\u00e9 des lampes et kits solaires. Choisissez Lagazel pour un \u00e9clairage solaire robuste, fiable et accessible.","breadcrumb":{"@id":"https:\/\/www.lagazel.com\/en\/pourquoi-choisir-nos-lampes-et-kits-solaires-lagazel\/#breadcrumb"},"inLanguage":"en-US","potentialAction":[{"@type":"ReadAction","target":["https:\/\/www.lagazel.com\/en\/pourquoi-choisir-nos-lampes-et-kits-solaires-lagazel\/"]}]},{"@type":"BreadcrumbList","@id":"https:\/\/www.lagazel.com\/en\/pourquoi-choisir-nos-lampes-et-kits-solaires-lagazel\/#breadcrumb","itemListElement":[{"@type":"ListItem","position":1,"name":"Home","item":"https:\/\/www.lagazel.com\/en\/"},{"@type":"ListItem","position":2,"name":"Choose Lagazel"}]},{"@type":"WebSite","@id":"https:\/\/www.lagazel.com\/en\/#website","url":"https:\/\/www.lagazel.com\/en\/","name":"Lagazel","description":"Fabricant de lampe solaire pour l&#039;Afrique","publisher":{"@id":"https:\/\/www.lagazel.com\/en\/#organization"},"potentialAction":[{"@type":"SearchAction","target":{"@type":"EntryPoint","urlTemplate":"https:\/\/www.lagazel.com\/en\/?s={search_term_string}"},"query-input":{"@type":"PropertyValueSpecification","valueRequired":true,"valueName":"search_term_string"}}],"inLanguage":"en-US"},{"@type":"Organization","@id":"https:\/\/www.lagazel.com\/en\/#organization","name":"Lagazel","url":"https:\/\/www.lagazel.com\/en\/","logo":{"@type":"ImageObject","inLanguage":"en-US","@id":"https:\/\/www.lagazel.com\/en\/#\/schema\/logo\/image\/","url":"https:\/\/www.lagazel.com\/wp-content\/uploads\/2018\/05\/lagazel-lampe-solaire-logo-grand.png","contentUrl":"https:\/\/www.lagazel.com\/wp-content\/uploads\/2018\/05\/lagazel-lampe-solaire-logo-grand.png","width":170,"height":153,"caption":"Lagazel"},"image":{"@id":"https:\/\/www.lagazel.com\/en\/#\/schema\/logo\/image\/"}}]}},"_links":{"self":[{"href":"https:\/\/www.lagazel.com\/en\/wp-json\/wp\/v2\/pages\/2619","targetHints":{"allow":["GET"]}}],"collection":[{"href":"https:\/\/www.lagazel.com\/en\/wp-json\/wp\/v2\/pages"}],"about":[{"href":"https:\/\/www.lagazel.com\/en\/wp-json\/wp\/v2\/types\/page"}],"author":[{"embeddable":true,"href":"https:\/\/www.lagazel.com\/en\/wp-json\/wp\/v2\/users\/2"}],"replies":[{"embeddable":true,"href":"https:\/\/www.lagazel.com\/en\/wp-json\/wp\/v2\/comments?post=2619"}],"version-history":[{"count":5,"href":"https:\/\/www.lagazel.com\/en\/wp-json\/wp\/v2\/pages\/2619\/revisions"}],"predecessor-version":[{"id":5887,"href":"https:\/\/www.lagazel.com\/en\/wp-json\/wp\/v2\/pages\/2619\/revisions\/5887"}],"wp:attachment":[{"href":"https:\/\/www.lagazel.com\/en\/wp-json\/wp\/v2\/media?parent=2619"}],"curies":[{"name":"wp","href":"https:\/\/api.w.org\/{rel}","templated":true}]}}