{"id":2626,"date":"2020-03-23T11:54:55","date_gmt":"2020-03-23T10:54:55","guid":{"rendered":"https:\/\/www.lagazel.com\/lampe-solaire-grande-autonomie-et-portable-lagazel\/"},"modified":"2022-04-21T12:10:43","modified_gmt":"2022-04-21T10:10:43","slug":"lampe-solaire-grande-autonomie-et-portable-lagazel","status":"publish","type":"page","link":"https:\/\/www.lagazel.com\/en\/lampe-solaire-grande-autonomie-et-portable-lagazel\/","title":{"rendered":"Lampe solaire grande autonomie et portable \u2013 Lagazel"},"content":{"rendered":"<p><div class=\"fusion-fullwidth fullwidth-box fusion-builder-row-1 hundred-percent-fullwidth non-hundred-percent-height-scrolling\" style=\"background-color: rgba(255,255,255,0);background-position: center center;background-repeat: no-repeat;padding-top:0px;padding-right:8%;padding-bottom:0px;padding-left:8%;margin-bottom: 3%;margin-top: 0px;border-width: 0px 0px 0px 0px;border-color:#eae9e9;border-style:solid;\" ><div class=\"fusion-builder-row fusion-row\"><div class=\"fusion-layout-column fusion_builder_column fusion-builder-column-0 fusion_builder_column_1_1 1_1 fusion-one-full fusion-column-first fusion-column-last\" style=\"margin-top:3%;margin-bottom:3%;\"><div class=\"fusion-column-wrapper fusion-flex-column-wrapper-legacy\" style=\"background-position:left top;background-repeat:no-repeat;-webkit-background-size:cover;-moz-background-size:cover;-o-background-size:cover;background-size:cover;padding: 0px 8% 0px 8%;\"><div class=\"fusion-text fusion-text-1\"><h1 style=\"text-align: center; text-transform: uppercase; color: rgba(77,86,98,0.65);\">A HIGH AUTONOMY <span style=\"color: #212121;\">SOLAR LAMP<\/span><\/h1>\n<\/div><div class=\"fusion-clearfix\"><\/div><\/div><\/div><\/div><\/div><div class=\"fusion-fullwidth fullwidth-box fusion-builder-row-2 nonhundred-percent-fullwidth non-hundred-percent-height-scrolling fusion-equal-height-columns\" style=\"background-color: #ffffff;background-position: center center;background-repeat: no-repeat;padding-top:5%;padding-right:8%;padding-bottom:0px;padding-left:8%;margin-bottom: 0px;border-width: 0px 0px 0px 0px;border-color:#eae9e9;border-style:solid;\" ><div class=\"fusion-builder-row fusion-row\"><div class=\"fusion-layout-column fusion_builder_column fusion-builder-column-1 fusion_builder_column_1_3 1_3 fusion-one-third fusion-column-first\" style=\"width:33.333333333333%;width:calc(33.333333333333% - ( ( 5% ) * 0.33333333333333 ) );margin-right: 5%;margin-top:0px;margin-bottom:20px;\"><div class=\"fusion-column-wrapper fusion-flex-column-wrapper-legacy fusion-empty-column-bg-image lazyload\" style=\"background-image:inherit;background-position:center center;background-repeat:no-repeat;-webkit-background-size:cover;-moz-background-size:cover;-o-background-size:cover;background-size:cover;padding: 0px 0px 0px 0px;\" data-bg-url=\"https:\/\/www.lagazel.com\/wp-content\/uploads\/2018\/10\/eclairage-afrique-nuit-noire-lagazel.jpg\" data-bg-image=\"url(&#039;https:\/\/www.lagazel.com\/wp-content\/uploads\/2018\/10\/eclairage-afrique-nuit-noire-lagazel.jpg&#039;)\"><img decoding=\"async\" class=\"fusion-empty-dims-img-placeholder fusion-no-large-visibility\" src=\"data:image\/svg+xml,%3Csvg%20xmlns%3D%27http%3A%2F%2Fwww.w3.org%2F2000%2Fsvg%27%20width%3D%27768%27%20height%3D%27587%27%20viewBox%3D%270%200%20768%20587%27%3E%3Crect%20width%3D%27768%27%20height%3D%27587%27%20fill-opacity%3D%220%22%2F%3E%3C%2Fsvg%3E\"><div class=\"fusion-clearfix\"><\/div><\/div><\/div><div class=\"fusion-layout-column fusion_builder_column fusion-builder-column-2 fusion_builder_column_2_3 2_3 fusion-two-third fusion-column-last\" style=\"width:66.666666666667%;width:calc(66.666666666667% - ( ( 5% ) * 0.66666666666667 ) );margin-top:0px;margin-bottom:20px;\"><div class=\"fusion-column-wrapper fusion-flex-column-wrapper-legacy\" style=\"background-position:left top;background-repeat:no-repeat;-webkit-background-size:cover;-moz-background-size:cover;-o-background-size:cover;background-size:cover;padding: 0px 0px 0px 0px;\"><div class=\"fusion-text fusion-text-2\"><h2 style=\"text-align: left;\">In Africa, darkness is everywhere \u2026<\/h2>\n<\/div><div class=\"fusion-text fusion-text-3\"><p>At night, during the new moon, or during the rainy season, entire regions in Africa can be plunged into an inky darkness, with no autonomous source of light. How to have light, work, eat dinner or even simply get around without a flashlight? And how to be sure that you will have enough battery power so you won\u2019t suddenly find yourself in total darkness?<\/p>\n<p>In developed countries, access to electricity is no longer a problem. However, the environment is a concern. Solar energy is the best way to save energy on a daily basis. Africans nevertheless have a number of doubts about the autonomy of products on offer and the charging necessary for guaranteeing adequate light for sufficient time periods. Certain Scandinavian countries, notably, get only weak sunlight, and for only a few hours, and may also be reticent about adopting solar lighting.<\/p>\n<p>Lagazel applies a sustainable approach to the conception of its <strong>high autonomy solar lamps<\/strong>, which are designed to provide the whole family with the light required for nights that <strong>may last 12 hours or more<\/strong>, depending on latitude. Its technology is adapted to working with weak sunlight over a limited number of hours each day.<\/p>\n<\/div><div class=\"fusion-sep-clear\"><\/div><div class=\"fusion-separator fusion-full-width-sep\" style=\"margin-left: auto;margin-right: auto;margin-top:15px;width:100%;\"><\/div><div class=\"fusion-sep-clear\"><\/div><div class=\"fusion-clearfix\"><\/div><\/div><\/div><\/div><\/div><div class=\"fusion-fullwidth fullwidth-box fusion-builder-row-3 nonhundred-percent-fullwidth non-hundred-percent-height-scrolling\" style=\"background-color: #ffffff;background-position: center center;background-repeat: no-repeat;padding-top:0px;padding-right:8%;padding-bottom:0px;padding-left:8%;border-width: 0px 0px 0px 0px;border-color:#eae9e9;border-style:solid;\" ><div class=\"fusion-builder-row fusion-row\"><div class=\"fusion-layout-column fusion_builder_column fusion-builder-column-3 fusion_builder_column_1_1 1_1 fusion-one-full fusion-column-first fusion-column-last\" style=\"margin-top:0px;margin-bottom:0px;\"><div class=\"fusion-column-wrapper fusion-flex-column-wrapper-legacy\" style=\"background-position:left top;background-repeat:no-repeat;-webkit-background-size:cover;-moz-background-size:cover;-o-background-size:cover;background-size:cover;padding: 0px 0px 0px 0px;\"><div class=\"fusion-text fusion-text-4\"><h2 style=\"text-align: left;\">Solar technology that is tried and tested<\/h2>\n<\/div><div class=\"fusion-builder-row fusion-builder-row-inner fusion-row\"><div class=\"fusion-layout-column fusion_builder_column_inner fusion-builder-nested-column-0 fusion_builder_column_inner_2_3 2_3 fusion-two-third fusion-column-first\" style=\"width:66.666666666667%;width:calc(66.666666666667% - ( ( 4% ) * 0.66666666666667 ) );margin-right: 4%;margin-top:0px;margin-bottom:0px;\"><div class=\"fusion-column-wrapper fusion-flex-column-wrapper-legacy\" style=\"background-position:left top;background-repeat:no-repeat;-webkit-background-size:cover;-moz-background-size:cover;-o-background-size:cover;background-size:cover;padding: 0px 8% 0px 0px;\"><div class=\"fusion-text fusion-text-5\"><p>The extended autonomy of our solar lamps is based on two essential and complementary characteristics.<\/p>\n<ul>\n<li><strong>A Lithium iron phosphate battery<\/strong> (LiFePO4) of 3000 mAh and 3.2 Volts for the Kalo 3000, and 1500 mAh and 3.2 Volts for the Kalo 1500, is designed to provide excellent charging for an extended life: 2000 cycles.<\/li>\n<li><strong>The Polycrystalline solar panels<\/strong> used by Lagazel provide steady production of electricity throughout the whole year. They also offer excellent performance in high temperature conditions, which makes them the best panels for the production of electricity in Africa.<\/li>\n<\/ul>\n<p>This association between batteries and solar panels enables us to offer solar lamps <strong>with a high level of autonomy<\/strong>.<\/p>\n<\/div><div class=\"fusion-clearfix\"><\/div><\/div><\/div><div class=\"fusion-layout-column fusion_builder_column_inner fusion-builder-nested-column-1 fusion_builder_column_inner_1_3 1_3 fusion-one-third fusion-column-last\" style=\"width:33.333333333333%;width:calc(33.333333333333% - ( ( 4% ) * 0.33333333333333 ) );margin-top:-70px;margin-bottom:20px;\"><div class=\"fusion-column-wrapper fusion-flex-column-wrapper-legacy\" style=\"background-position:left top;background-repeat:no-repeat;-webkit-background-size:cover;-moz-background-size:cover;-o-background-size:cover;background-size:cover;padding: 0px 0px 0px 0px;\"><span class=\" fusion-imageframe imageframe-none imageframe-1 hover-type-none\"><img decoding=\"async\" width=\"768\" height=\"858\" alt=\"lampe robuste lagazel\" title=\"lagazel-lampe-panneau-solaire\" data-src=\"https:\/\/www.lagazel.com\/wp-content\/uploads\/2018\/11\/lagazel-lampe-panneau-solaire.jpg\" class=\"img-responsive wp-image-873 lazyload\" data-srcset=\"https:\/\/www.lagazel.com\/wp-content\/uploads\/2018\/11\/lagazel-lampe-panneau-solaire-200x223.jpg 200w, https:\/\/www.lagazel.com\/wp-content\/uploads\/2018\/11\/lagazel-lampe-panneau-solaire-400x447.jpg 400w, https:\/\/www.lagazel.com\/wp-content\/uploads\/2018\/11\/lagazel-lampe-panneau-solaire-600x670.jpg 600w, https:\/\/www.lagazel.com\/wp-content\/uploads\/2018\/11\/lagazel-lampe-panneau-solaire.jpg 768w\" data-sizes=\"(max-width: 600px) 100vw, 600px\" src=\"data:image\/gif;base64,R0lGODlhAQABAAAAACH5BAEKAAEALAAAAAABAAEAAAICTAEAOw==\" style=\"--smush-placeholder-width: 768px; --smush-placeholder-aspect-ratio: 768\/858;\" \/><\/span><div class=\"fusion-clearfix\"><\/div><\/div><\/div><\/div><div class=\"fusion-clearfix\"><\/div><\/div><\/div><\/div><\/div><div class=\"fusion-fullwidth fullwidth-box fusion-builder-row-4 nonhundred-percent-fullwidth non-hundred-percent-height-scrolling\" style=\"background-color: #ffffff;background-position: center center;background-repeat: no-repeat;padding-top:0px;padding-right:8%;padding-bottom:0px;padding-left:8%;margin-bottom: 0px;margin-top: 0px;border-width: 0px 0px 0px 0px;border-color:#eae9e9;border-style:solid;\" ><div class=\"fusion-builder-row fusion-row\"><div class=\"fusion-layout-column fusion_builder_column fusion-builder-column-4 fusion_builder_column_1_1 1_1 fusion-one-full fusion-column-first fusion-column-last\" style=\"margin-top:0px;margin-bottom:20px;\"><div class=\"fusion-column-wrapper fusion-flex-column-wrapper-legacy\" style=\"background-position:left top;background-repeat:no-repeat;-webkit-background-size:cover;-moz-background-size:cover;-o-background-size:cover;background-size:cover;padding: 0px 0px 0px 0px;\"><div class=\"fusion-builder-row fusion-builder-row-inner fusion-row\"><div class=\"fusion-layout-column fusion_builder_column_inner fusion-builder-nested-column-2 fusion_builder_column_inner_1_3 1_3 fusion-one-third fusion-column-first\" style=\"width:33.333333333333%;width:calc(33.333333333333% - ( ( 4% + 4% ) * 0.33333333333333 ) );margin-right: 4%;margin-top:0px;margin-bottom:20px;\"><div class=\"fusion-column-wrapper fusion-flex-column-wrapper-legacy\" style=\"background-position:left top;background-repeat:no-repeat;-webkit-background-size:cover;-moz-background-size:cover;-o-background-size:cover;background-size:cover;background-color:#f7f7f7;border-width: 2px 2px 2px 2px;border-color:#ffffff;border-style:solid;padding: 5% 5% 5% 5%;\"><div class=\"fusion-text fusion-text-6\"><p><strong>The lamp Lagazel Kalo 3000 thus can provide, when fully charged:<\/strong><\/p>\n<ul>\n<li>7 hours of light in turbo mode (130 lm)<\/li>\n<li>14 hours of light in normal mode (65 lm)<\/li>\n<li>44 hours of light in eco mode (15 lm)<\/li>\n<\/ul>\n<\/div><div class=\"fusion-clearfix\"><\/div><\/div><\/div><div class=\"fusion-layout-column fusion_builder_column_inner fusion-builder-nested-column-3 fusion_builder_column_inner_1_3 1_3 fusion-one-third\" style=\"width:33.333333333333%;width:calc(33.333333333333% - ( ( 4% + 4% ) * 0.33333333333333 ) );margin-right: 4%;margin-top:0px;margin-bottom:20px;\"><div class=\"fusion-column-wrapper fusion-flex-column-wrapper-legacy\" style=\"background-position:left top;background-repeat:no-repeat;-webkit-background-size:cover;-moz-background-size:cover;-o-background-size:cover;background-size:cover;background-color:#f7f7f7;padding: 5% 5% 5% 5%;\"><div class=\"fusion-text fusion-text-7\"><p><strong>Its little sister, the Kalo 1500, provides when fully charged:<\/strong><\/p>\n<ul>\n<li>8 hours of light in turbo mode (70 lm)<\/li>\n<li>16 hours of light in normal mode (30 lm)<\/li>\n<li>30 hours of light in eco mode (15 lm)<\/li>\n<\/ul>\n<\/div><div class=\"fusion-clearfix\"><\/div><\/div><\/div><div class=\"fusion-layout-column fusion_builder_column_inner fusion-builder-nested-column-4 fusion_builder_column_inner_1_3 1_3 fusion-one-third fusion-column-last\" style=\"width:33.333333333333%;width:calc(33.333333333333% - ( ( 4% + 4% ) * 0.33333333333333 ) );margin-top:0px;margin-bottom:20px;\"><div class=\"fusion-column-wrapper fusion-flex-column-wrapper-legacy\" style=\"background-position:left top;background-repeat:no-repeat;-webkit-background-size:cover;-moz-background-size:cover;-o-background-size:cover;background-size:cover;background-color:#f7f7f7;padding: 5% 5% 5% 5%;\"><div class=\"fusion-text fusion-text-8\"><p><strong>The lamp Kalo 600 provides when fully charged:<\/strong><\/p>\n<ul>\n<li>2 hours of light in boost mode (100 lm)<\/li>\n<li>6 hours of light in normal mode (40 lm)<\/li>\n<li>30 hours of light in Eco mode (6 lm)<\/li>\n<\/ul>\n<\/div><div class=\"fusion-clearfix\"><\/div><\/div><\/div><\/div><div class=\"fusion-text fusion-text-9\"><p>We offer people worldwide powerful solar lamps produced in Africa, which can provide light for many hours of intensive use.<\/p>\n<\/div><div class=\"fusion-sep-clear\"><\/div><div class=\"fusion-separator fusion-full-width-sep\" style=\"margin-left: auto;margin-right: auto;margin-top:30px;width:100%;\"><\/div><div class=\"fusion-sep-clear\"><\/div><div class=\"fusion-clearfix\"><\/div><\/div><\/div><\/div><\/div><div class=\"fusion-fullwidth fullwidth-box fusion-builder-row-5 hundred-percent-fullwidth non-hundred-percent-height-scrolling\" style=\"background-color: #333333;background-position: center center;background-repeat: no-repeat;padding-top:1%;padding-right:0px;padding-bottom:1%;padding-left:0px;margin-bottom: -3px;margin-top: 0px;border-width: 0px 0px 0px 0px;border-color:#eae9e9;border-style:solid;\" ><div class=\"fusion-builder-row fusion-row\"><\/div><\/div>\n<\/p>\n","protected":false},"excerpt":{"rendered":"","protected":false},"author":2,"featured_media":0,"parent":0,"menu_order":0,"comment_status":"closed","ping_status":"closed","template":"100-width.php","meta":{"om_disable_all_campaigns":false,"_monsterinsights_skip_tracking":false,"_monsterinsights_sitenote_active":false,"_monsterinsights_sitenote_note":"","_monsterinsights_sitenote_category":0,"footnotes":""},"class_list":["post-2626","page","type-page","status-publish","hentry"],"aioseo_notices":[],"yoast_head":"<!-- This site is optimized with the Yoast SEO plugin v24.9 - https:\/\/yoast.com\/wordpress\/plugins\/seo\/ -->\n<title>Lampe solaire grande autonomie et portable \u2013 Lagazel<\/title>\n<meta name=\"description\" content=\"Les lampes solaires Lagazel offrent une grande autonomie pour apporter toute la nuit la lumi\u00e8re dont nous pouvons avoir besoin. Une lampe salvatrice pour les populations priv\u00e9es d\u2019\u00e9lectricit\u00e9, mais \u00e0 utiliser partout dans le monde en pensant \u00e0 notre plan\u00e8te.\" \/>\n<meta name=\"robots\" content=\"index, follow, max-snippet:-1, max-image-preview:large, max-video-preview:-1\" \/>\n<link rel=\"canonical\" href=\"https:\/\/www.lagazel.com\/en\/lampe-solaire-grande-autonomie-et-portable-lagazel\/\" \/>\n<meta property=\"og:locale\" content=\"en_US\" \/>\n<meta property=\"og:type\" content=\"article\" \/>\n<meta property=\"og:title\" content=\"Lampe solaire grande autonomie et portable \u2013 Lagazel\" \/>\n<meta property=\"og:description\" content=\"Les lampes solaires Lagazel offrent une grande autonomie pour apporter toute la nuit la lumi\u00e8re dont nous pouvons avoir besoin. Une lampe salvatrice pour les populations priv\u00e9es d\u2019\u00e9lectricit\u00e9, mais \u00e0 utiliser partout dans le monde en pensant \u00e0 notre plan\u00e8te.\" \/>\n<meta property=\"og:url\" content=\"https:\/\/www.lagazel.com\/en\/lampe-solaire-grande-autonomie-et-portable-lagazel\/\" \/>\n<meta property=\"og:site_name\" content=\"Lagazel\" \/>\n<meta property=\"article:modified_time\" content=\"2022-04-21T10:10:43+00:00\" \/>\n<meta name=\"twitter:card\" content=\"summary_large_image\" \/>\n<meta name=\"twitter:label1\" content=\"Est. reading time\" \/>\n\t<meta name=\"twitter:data1\" content=\"5 minutes\" \/>\n<script type=\"application\/ld+json\" class=\"yoast-schema-graph\">{\"@context\":\"https:\/\/schema.org\",\"@graph\":[{\"@type\":\"WebPage\",\"@id\":\"https:\/\/www.lagazel.com\/en\/lampe-solaire-grande-autonomie-et-portable-lagazel\/\",\"url\":\"https:\/\/www.lagazel.com\/en\/lampe-solaire-grande-autonomie-et-portable-lagazel\/\",\"name\":\"Lampe solaire grande autonomie et portable \u2013 Lagazel\",\"isPartOf\":{\"@id\":\"https:\/\/www.lagazel.com\/en\/#website\"},\"datePublished\":\"2020-03-23T10:54:55+00:00\",\"dateModified\":\"2022-04-21T10:10:43+00:00\",\"description\":\"Les lampes solaires Lagazel offrent une grande autonomie pour apporter toute la nuit la lumi\u00e8re dont nous pouvons avoir besoin. Une lampe salvatrice pour les populations priv\u00e9es d\u2019\u00e9lectricit\u00e9, mais \u00e0 utiliser partout dans le monde en pensant \u00e0 notre plan\u00e8te.\",\"breadcrumb\":{\"@id\":\"https:\/\/www.lagazel.com\/en\/lampe-solaire-grande-autonomie-et-portable-lagazel\/#breadcrumb\"},\"inLanguage\":\"en-US\",\"potentialAction\":[{\"@type\":\"ReadAction\",\"target\":[\"https:\/\/www.lagazel.com\/en\/lampe-solaire-grande-autonomie-et-portable-lagazel\/\"]}]},{\"@type\":\"BreadcrumbList\",\"@id\":\"https:\/\/www.lagazel.com\/en\/lampe-solaire-grande-autonomie-et-portable-lagazel\/#breadcrumb\",\"itemListElement\":[{\"@type\":\"ListItem\",\"position\":1,\"name\":\"Home\",\"item\":\"https:\/\/www.lagazel.com\/en\/\"},{\"@type\":\"ListItem\",\"position\":2,\"name\":\"Hight autonomy solar lamp\"}]},{\"@type\":\"WebSite\",\"@id\":\"https:\/\/www.lagazel.com\/en\/#website\",\"url\":\"https:\/\/www.lagazel.com\/en\/\",\"name\":\"Lagazel\",\"description\":\"Fabricant de lampe solaire pour l&#039;Afrique\",\"publisher\":{\"@id\":\"https:\/\/www.lagazel.com\/en\/#organization\"},\"potentialAction\":[{\"@type\":\"SearchAction\",\"target\":{\"@type\":\"EntryPoint\",\"urlTemplate\":\"https:\/\/www.lagazel.com\/en\/?s={search_term_string}\"},\"query-input\":{\"@type\":\"PropertyValueSpecification\",\"valueRequired\":true,\"valueName\":\"search_term_string\"}}],\"inLanguage\":\"en-US\"},{\"@type\":\"Organization\",\"@id\":\"https:\/\/www.lagazel.com\/en\/#organization\",\"name\":\"Lagazel\",\"url\":\"https:\/\/www.lagazel.com\/en\/\",\"logo\":{\"@type\":\"ImageObject\",\"inLanguage\":\"en-US\",\"@id\":\"https:\/\/www.lagazel.com\/en\/#\/schema\/logo\/image\/\",\"url\":\"https:\/\/www.lagazel.com\/wp-content\/uploads\/2018\/05\/lagazel-lampe-solaire-logo-grand.png\",\"contentUrl\":\"https:\/\/www.lagazel.com\/wp-content\/uploads\/2018\/05\/lagazel-lampe-solaire-logo-grand.png\",\"width\":170,\"height\":153,\"caption\":\"Lagazel\"},\"image\":{\"@id\":\"https:\/\/www.lagazel.com\/en\/#\/schema\/logo\/image\/\"}}]}<\/script>\n<!-- \/ Yoast SEO plugin. -->","yoast_head_json":{"title":"Lampe solaire grande autonomie et portable \u2013 Lagazel","description":"Les lampes solaires Lagazel offrent une grande autonomie pour apporter toute la nuit la lumi\u00e8re dont nous pouvons avoir besoin. Une lampe salvatrice pour les populations priv\u00e9es d\u2019\u00e9lectricit\u00e9, mais \u00e0 utiliser partout dans le monde en pensant \u00e0 notre plan\u00e8te.","robots":{"index":"index","follow":"follow","max-snippet":"max-snippet:-1","max-image-preview":"max-image-preview:large","max-video-preview":"max-video-preview:-1"},"canonical":"https:\/\/www.lagazel.com\/en\/lampe-solaire-grande-autonomie-et-portable-lagazel\/","og_locale":"en_US","og_type":"article","og_title":"Lampe solaire grande autonomie et portable \u2013 Lagazel","og_description":"Les lampes solaires Lagazel offrent une grande autonomie pour apporter toute la nuit la lumi\u00e8re dont nous pouvons avoir besoin. Une lampe salvatrice pour les populations priv\u00e9es d\u2019\u00e9lectricit\u00e9, mais \u00e0 utiliser partout dans le monde en pensant \u00e0 notre plan\u00e8te.","og_url":"https:\/\/www.lagazel.com\/en\/lampe-solaire-grande-autonomie-et-portable-lagazel\/","og_site_name":"Lagazel","article_modified_time":"2022-04-21T10:10:43+00:00","twitter_card":"summary_large_image","twitter_misc":{"Est. reading time":"5 minutes"},"schema":{"@context":"https:\/\/schema.org","@graph":[{"@type":"WebPage","@id":"https:\/\/www.lagazel.com\/en\/lampe-solaire-grande-autonomie-et-portable-lagazel\/","url":"https:\/\/www.lagazel.com\/en\/lampe-solaire-grande-autonomie-et-portable-lagazel\/","name":"Lampe solaire grande autonomie et portable \u2013 Lagazel","isPartOf":{"@id":"https:\/\/www.lagazel.com\/en\/#website"},"datePublished":"2020-03-23T10:54:55+00:00","dateModified":"2022-04-21T10:10:43+00:00","description":"Les lampes solaires Lagazel offrent une grande autonomie pour apporter toute la nuit la lumi\u00e8re dont nous pouvons avoir besoin. Une lampe salvatrice pour les populations priv\u00e9es d\u2019\u00e9lectricit\u00e9, mais \u00e0 utiliser partout dans le monde en pensant \u00e0 notre plan\u00e8te.","breadcrumb":{"@id":"https:\/\/www.lagazel.com\/en\/lampe-solaire-grande-autonomie-et-portable-lagazel\/#breadcrumb"},"inLanguage":"en-US","potentialAction":[{"@type":"ReadAction","target":["https:\/\/www.lagazel.com\/en\/lampe-solaire-grande-autonomie-et-portable-lagazel\/"]}]},{"@type":"BreadcrumbList","@id":"https:\/\/www.lagazel.com\/en\/lampe-solaire-grande-autonomie-et-portable-lagazel\/#breadcrumb","itemListElement":[{"@type":"ListItem","position":1,"name":"Home","item":"https:\/\/www.lagazel.com\/en\/"},{"@type":"ListItem","position":2,"name":"Hight autonomy solar lamp"}]},{"@type":"WebSite","@id":"https:\/\/www.lagazel.com\/en\/#website","url":"https:\/\/www.lagazel.com\/en\/","name":"Lagazel","description":"Fabricant de lampe solaire pour l&#039;Afrique","publisher":{"@id":"https:\/\/www.lagazel.com\/en\/#organization"},"potentialAction":[{"@type":"SearchAction","target":{"@type":"EntryPoint","urlTemplate":"https:\/\/www.lagazel.com\/en\/?s={search_term_string}"},"query-input":{"@type":"PropertyValueSpecification","valueRequired":true,"valueName":"search_term_string"}}],"inLanguage":"en-US"},{"@type":"Organization","@id":"https:\/\/www.lagazel.com\/en\/#organization","name":"Lagazel","url":"https:\/\/www.lagazel.com\/en\/","logo":{"@type":"ImageObject","inLanguage":"en-US","@id":"https:\/\/www.lagazel.com\/en\/#\/schema\/logo\/image\/","url":"https:\/\/www.lagazel.com\/wp-content\/uploads\/2018\/05\/lagazel-lampe-solaire-logo-grand.png","contentUrl":"https:\/\/www.lagazel.com\/wp-content\/uploads\/2018\/05\/lagazel-lampe-solaire-logo-grand.png","width":170,"height":153,"caption":"Lagazel"},"image":{"@id":"https:\/\/www.lagazel.com\/en\/#\/schema\/logo\/image\/"}}]}},"_links":{"self":[{"href":"https:\/\/www.lagazel.com\/en\/wp-json\/wp\/v2\/pages\/2626","targetHints":{"allow":["GET"]}}],"collection":[{"href":"https:\/\/www.lagazel.com\/en\/wp-json\/wp\/v2\/pages"}],"about":[{"href":"https:\/\/www.lagazel.com\/en\/wp-json\/wp\/v2\/types\/page"}],"author":[{"embeddable":true,"href":"https:\/\/www.lagazel.com\/en\/wp-json\/wp\/v2\/users\/2"}],"replies":[{"embeddable":true,"href":"https:\/\/www.lagazel.com\/en\/wp-json\/wp\/v2\/comments?post=2626"}],"version-history":[{"count":0,"href":"https:\/\/www.lagazel.com\/en\/wp-json\/wp\/v2\/pages\/2626\/revisions"}],"wp:attachment":[{"href":"https:\/\/www.lagazel.com\/en\/wp-json\/wp\/v2\/media?parent=2626"}],"curies":[{"name":"wp","href":"https:\/\/api.w.org\/{rel}","templated":true}]}}