{"id":2629,"date":"2020-03-23T12:00:00","date_gmt":"2020-03-23T11:00:00","guid":{"rendered":"https:\/\/www.lagazel.com\/lampe-solaire-solide-robuste-et-portable-lagazel\/"},"modified":"2022-04-21T12:12:17","modified_gmt":"2022-04-21T10:12:17","slug":"lampe-solaire-solide-robuste-et-portable-lagazel","status":"publish","type":"page","link":"https:\/\/www.lagazel.com\/en\/lampe-solaire-solide-robuste-et-portable-lagazel\/","title":{"rendered":"Lampe solaire solide, robuste et portable \u2013 Lagazel"},"content":{"rendered":"<p><div class=\"fusion-fullwidth fullwidth-box fusion-builder-row-1 hundred-percent-fullwidth non-hundred-percent-height-scrolling\" style=\"background-color: rgba(255,255,255,0);background-position: center center;background-repeat: no-repeat;padding-top:0px;padding-right:8%;padding-bottom:0px;padding-left:8%;margin-bottom: 0px;margin-top: 0px;border-width: 0px 0px 0px 0px;border-color:#eae9e9;border-style:solid;\" ><div class=\"fusion-builder-row fusion-row\"><div class=\"fusion-layout-column fusion_builder_column fusion-builder-column-0 fusion_builder_column_1_1 1_1 fusion-one-full fusion-column-first fusion-column-last\" style=\"margin-top:3%;margin-bottom:5%;\"><div class=\"fusion-column-wrapper fusion-flex-column-wrapper-legacy\" style=\"background-position:left top;background-repeat:no-repeat;-webkit-background-size:cover;-moz-background-size:cover;-o-background-size:cover;background-size:cover;padding: 0px 5% 0px 5%;\"><div class=\"fusion-text fusion-text-1\"><h1 style=\"text-align: center; text-transform: uppercase; color: rgba(77,86,98,0.65);\">A PARTICULARLY <span style=\"color: #212121;\">RUGGED SOLAR LAMP<\/span><\/h1>\n<\/div><div class=\"fusion-text fusion-text-2\"><p>Light is a vital need, and many people who are not connected to a reliable electricity grid are obliged to use other sources of light. It is indispensable to be able to rely on a particularly rugged lamp, which can stand up to difficult conditions without letting its users down.<\/p>\n<\/div><div class=\"fusion-clearfix\"><\/div><\/div><\/div><\/div><\/div><div class=\"fusion-fullwidth fullwidth-box fusion-builder-row-2 nonhundred-percent-fullwidth non-hundred-percent-height-scrolling fusion-equal-height-columns\" style=\"background-color: #ffffff;background-position: center center;background-repeat: no-repeat;padding-top:5%;padding-right:8%;padding-bottom:0px;padding-left:8%;border-width: 0px 0px 0px 0px;border-color:#eae9e9;border-style:solid;\" ><div class=\"fusion-builder-row fusion-row\"><div class=\"fusion-layout-column fusion_builder_column fusion-builder-column-1 fusion_builder_column_1_3 1_3 fusion-one-third fusion-column-first\" style=\"width:33.333333333333%;width:calc(33.333333333333% - ( ( 5% ) * 0.33333333333333 ) );margin-right: 5%;margin-top:0px;margin-bottom:20px;\"><div class=\"fusion-column-wrapper fusion-flex-column-wrapper-legacy fusion-empty-column-bg-image lazyload\" style=\"background-image:inherit;background-position:center center;background-repeat:no-repeat;-webkit-background-size:cover;-moz-background-size:cover;-o-background-size:cover;background-size:cover;padding: 0px 0px 0px 0px;\" data-bg-url=\"https:\/\/www.lagazel.com\/wp-content\/uploads\/2018\/07\/lagazel-photos-afrique-vie-dehors.jpg\" data-bg-image=\"url(&#039;https:\/\/www.lagazel.com\/wp-content\/uploads\/2018\/07\/lagazel-photos-afrique-vie-dehors.jpg&#039;)\"><img decoding=\"async\" class=\"fusion-empty-dims-img-placeholder fusion-no-large-visibility\" src=\"data:image\/svg+xml,%3Csvg%20xmlns%3D%27http%3A%2F%2Fwww.w3.org%2F2000%2Fsvg%27%20width%3D%27768%27%20height%3D%27986%27%20viewBox%3D%270%200%20768%20986%27%3E%3Crect%20width%3D%27768%27%20height%3D%27986%27%20fill-opacity%3D%220%22%2F%3E%3C%2Fsvg%3E\"><div class=\"fusion-clearfix\"><\/div><\/div><\/div><div class=\"fusion-layout-column fusion_builder_column fusion-builder-column-2 fusion_builder_column_2_3 2_3 fusion-two-third fusion-column-last\" style=\"width:66.666666666667%;width:calc(66.666666666667% - ( ( 5% ) * 0.66666666666667 ) );margin-top:0px;margin-bottom:20px;\"><div class=\"fusion-column-wrapper fusion-flex-column-wrapper-legacy\" style=\"background-position:left top;background-repeat:no-repeat;-webkit-background-size:cover;-moz-background-size:cover;-o-background-size:cover;background-size:cover;padding: 0px 0px 0px 0px;\"><div class=\"fusion-text fusion-text-3\"><h2 style=\"text-align: left;\">Difficult living conditions in Africa<\/h2>\n<\/div><div class=\"fusion-builder-row fusion-builder-row-inner fusion-row\"><div class=\"fusion-layout-column fusion_builder_column_inner fusion-builder-nested-column-0 fusion_builder_column_inner_1_1 1_1 fusion-one-full fusion-column-first fusion-column-last\" style=\"margin-top:0px;margin-bottom:20px;\"><div class=\"fusion-column-wrapper fusion-flex-column-wrapper-legacy\" style=\"background-position:left top;background-repeat:no-repeat;-webkit-background-size:cover;-moz-background-size:cover;-o-background-size:cover;background-size:cover;padding: 0px 8% 0px 0px;\"><div class=\"fusion-text fusion-text-4\"><p>Lagazel\u2019s initial project was to offer Africans the capacity to have light every day. Each lamp was thus designed bearing in mind the living conditions in remote villages or peri-urban zones without efficient public infrastructures in African countries like Burkina Faso. To remain reliable and useful over a long period of time, each device must meet strict specifications.<\/p>\n<p>The weather can result in extreme conditions. The heat of the dry season, and heavy rains during the wet season, are very testing for electronics. Every solar lamp and every photovoltaic panel produced by Lagazel needs to be robust enough to resist time spent in bright sunshine, in dusty conditions.<\/p>\n<p>People who use our solar lamps in Europe or in the Americas benefit from lamps that are particularly rugged for their living conditions, which are considerably less difficult. In spite of this advantage, daily use of a lamp can however lead to dropping and impacts. A moment of distraction, awkwardness, clumsiness, and the lamp falls to the ground: Lagazel\u2019s lamps are specifically designed to resist these incidents.<\/p>\n<\/div><div class=\"fusion-clearfix\"><\/div><\/div><\/div><\/div><div class=\"fusion-sep-clear\"><\/div><div class=\"fusion-separator fusion-full-width-sep\" style=\"margin-left: auto;margin-right: auto;margin-top:15px;width:100%;\"><\/div><div class=\"fusion-sep-clear\"><\/div><div class=\"fusion-clearfix\"><\/div><\/div><\/div><\/div><\/div><div class=\"fusion-fullwidth fullwidth-box fusion-builder-row-3 nonhundred-percent-fullwidth non-hundred-percent-height-scrolling fusion-equal-height-columns\" style=\"background-color: #ffffff;background-position: center center;background-repeat: no-repeat;padding-top:0px;padding-right:8%;padding-bottom:3%;padding-left:8%;margin-bottom: 0px;border-width: 0px 0px 0px 0px;border-color:#eae9e9;border-style:solid;\" ><div class=\"fusion-builder-row fusion-row\"><div class=\"fusion-layout-column fusion_builder_column fusion-builder-column-3 fusion_builder_column_2_3 2_3 fusion-two-third fusion-column-first\" style=\"width:66.666666666667%;width:calc(66.666666666667% - ( ( 4% ) * 0.66666666666667 ) );margin-right: 4%;margin-top:0px;margin-bottom:20px;\"><div class=\"fusion-column-wrapper fusion-flex-column-wrapper-legacy\" style=\"background-position:left top;background-repeat:no-repeat;-webkit-background-size:cover;-moz-background-size:cover;-o-background-size:cover;background-size:cover;padding: 0px 0px 0px 0px;\"><div class=\"fusion-text fusion-text-5\"><h2 style=\"text-align: left;\">A particularly robust design<\/h2>\n<\/div><div class=\"fusion-builder-row fusion-builder-row-inner fusion-row\"><div class=\"fusion-layout-column fusion_builder_column_inner fusion-builder-nested-column-1 fusion_builder_column_inner_1_1 1_1 fusion-one-full fusion-column-first fusion-column-last\" style=\"margin-top:0px;margin-bottom:20px;\"><div class=\"fusion-column-wrapper fusion-flex-column-wrapper-legacy\" style=\"background-position:left top;background-repeat:no-repeat;-webkit-background-size:cover;-moz-background-size:cover;-o-background-size:cover;background-size:cover;padding: 0px 8% 0px 0px;\"><div class=\"fusion-text fusion-text-6\"><p>Lagazel, a brand that is physically present in the African market, with production workshops in Burkina Faso, is sensitive to local issues. The robust solar lamp we design is made with a metal casing that is specially conceived to resist impacts. We have not compromised on resistance, with models that weigh between 450 grams and 520 grams, and that feel solid from the moment you first hold one in your hand.<\/p>\n<p>Lagazel\u2019s products are compliant with Lighting Global quality criteria, an initiative of the World Bank that promotes autonomous solar energy worldwide as a source of development.<\/p>\n<\/div><div class=\"fusion-clearfix\"><\/div><\/div><\/div><\/div><div class=\"fusion-clearfix\"><\/div><\/div><\/div><div class=\"fusion-layout-column fusion_builder_column fusion-builder-column-4 fusion_builder_column_1_3 1_3 fusion-one-third fusion-column-last\" style=\"width:33.333333333333%;width:calc(33.333333333333% - ( ( 4% ) * 0.33333333333333 ) );margin-top:0px;margin-bottom:20px;\"><div class=\"fusion-column-wrapper fusion-flex-column-wrapper-legacy fusion-empty-column-bg-image lazyload\" style=\"background-image:inherit;background-position:left top;background-repeat:no-repeat;-webkit-background-size:cover;-moz-background-size:cover;-o-background-size:cover;background-size:cover;padding: 0px 0px 0px 0px;\" data-bg-url=\"https:\/\/www.lagazel.com\/wp-content\/uploads\/2018\/10\/lampe-grotte-solide.jpg\" data-bg-image=\"url(&#039;https:\/\/www.lagazel.com\/wp-content\/uploads\/2018\/10\/lampe-grotte-solide.jpg&#039;)\"><img decoding=\"async\" class=\"fusion-empty-dims-img-placeholder fusion-no-large-visibility\" src=\"data:image\/svg+xml,%3Csvg%20xmlns%3D%27http%3A%2F%2Fwww.w3.org%2F2000%2Fsvg%27%20width%3D%27768%27%20height%3D%27768%27%20viewBox%3D%270%200%20768%20768%27%3E%3Crect%20width%3D%27768%27%20height%3D%27768%27%20fill-opacity%3D%220%22%2F%3E%3C%2Fsvg%3E\"><div class=\"fusion-clearfix\"><\/div><\/div><\/div><\/div><\/div><div class=\"fusion-fullwidth fullwidth-box fusion-builder-row-4 hundred-percent-fullwidth non-hundred-percent-height-scrolling\" style=\"background-color: #333333;background-position: center center;background-repeat: no-repeat;padding-top:1%;padding-right:0px;padding-bottom:1%;padding-left:0px;margin-bottom: -3px;margin-top: 0px;border-width: 0px 0px 0px 0px;border-color:#eae9e9;border-style:solid;\" ><div class=\"fusion-builder-row fusion-row\"><\/div><\/div>\n<\/p>\n","protected":false},"excerpt":{"rendered":"","protected":false},"author":2,"featured_media":0,"parent":0,"menu_order":0,"comment_status":"closed","ping_status":"closed","template":"100-width.php","meta":{"om_disable_all_campaigns":false,"_monsterinsights_skip_tracking":false,"_monsterinsights_sitenote_active":false,"_monsterinsights_sitenote_note":"","_monsterinsights_sitenote_category":0,"footnotes":""},"class_list":["post-2629","page","type-page","status-publish","hentry"],"aioseo_notices":[],"yoast_head":"<!-- This site is optimized with the Yoast SEO plugin v24.9 - https:\/\/yoast.com\/wordpress\/plugins\/seo\/ -->\n<title>Lampe solaire solide, robuste et portable \u2013 Lagazel<\/title>\n<meta name=\"description\" content=\"Les lampes solaires Lagazel poss\u00e8dent une grande robustesse, ce qui les rend capables de r\u00e9sister aux al\u00e9as d&#039;un environnement difficile et d&#039;une utilisation intensive. Certification Lighting Global 2018.\" \/>\n<meta name=\"robots\" content=\"index, follow, max-snippet:-1, max-image-preview:large, max-video-preview:-1\" \/>\n<link rel=\"canonical\" href=\"https:\/\/www.lagazel.com\/en\/lampe-solaire-solide-robuste-et-portable-lagazel\/\" \/>\n<meta property=\"og:locale\" content=\"en_US\" \/>\n<meta property=\"og:type\" content=\"article\" \/>\n<meta property=\"og:title\" content=\"Lampe solaire solide, robuste et portable \u2013 Lagazel\" \/>\n<meta property=\"og:description\" content=\"Les lampes solaires Lagazel poss\u00e8dent une grande robustesse, ce qui les rend capables de r\u00e9sister aux al\u00e9as d&#039;un environnement difficile et d&#039;une utilisation intensive. Certification Lighting Global 2018.\" \/>\n<meta property=\"og:url\" content=\"https:\/\/www.lagazel.com\/en\/lampe-solaire-solide-robuste-et-portable-lagazel\/\" \/>\n<meta property=\"og:site_name\" content=\"Lagazel\" \/>\n<meta property=\"article:modified_time\" content=\"2022-04-21T10:12:17+00:00\" \/>\n<meta name=\"twitter:card\" content=\"summary_large_image\" \/>\n<meta name=\"twitter:label1\" content=\"Est. reading time\" \/>\n\t<meta name=\"twitter:data1\" content=\"12 minutes\" \/>\n<script type=\"application\/ld+json\" class=\"yoast-schema-graph\">{\"@context\":\"https:\/\/schema.org\",\"@graph\":[{\"@type\":\"WebPage\",\"@id\":\"https:\/\/www.lagazel.com\/en\/lampe-solaire-solide-robuste-et-portable-lagazel\/\",\"url\":\"https:\/\/www.lagazel.com\/en\/lampe-solaire-solide-robuste-et-portable-lagazel\/\",\"name\":\"Lampe solaire solide, robuste et portable \u2013 Lagazel\",\"isPartOf\":{\"@id\":\"https:\/\/www.lagazel.com\/en\/#website\"},\"datePublished\":\"2020-03-23T11:00:00+00:00\",\"dateModified\":\"2022-04-21T10:12:17+00:00\",\"description\":\"Les lampes solaires Lagazel poss\u00e8dent une grande robustesse, ce qui les rend capables de r\u00e9sister aux al\u00e9as d'un environnement difficile et d'une utilisation intensive. Certification Lighting Global 2018.\",\"breadcrumb\":{\"@id\":\"https:\/\/www.lagazel.com\/en\/lampe-solaire-solide-robuste-et-portable-lagazel\/#breadcrumb\"},\"inLanguage\":\"en-US\",\"potentialAction\":[{\"@type\":\"ReadAction\",\"target\":[\"https:\/\/www.lagazel.com\/en\/lampe-solaire-solide-robuste-et-portable-lagazel\/\"]}]},{\"@type\":\"BreadcrumbList\",\"@id\":\"https:\/\/www.lagazel.com\/en\/lampe-solaire-solide-robuste-et-portable-lagazel\/#breadcrumb\",\"itemListElement\":[{\"@type\":\"ListItem\",\"position\":1,\"name\":\"Home\",\"item\":\"https:\/\/www.lagazel.com\/en\/\"},{\"@type\":\"ListItem\",\"position\":2,\"name\":\"A rugged solar lamp\"}]},{\"@type\":\"WebSite\",\"@id\":\"https:\/\/www.lagazel.com\/en\/#website\",\"url\":\"https:\/\/www.lagazel.com\/en\/\",\"name\":\"Lagazel\",\"description\":\"Fabricant de lampe solaire pour l&#039;Afrique\",\"publisher\":{\"@id\":\"https:\/\/www.lagazel.com\/en\/#organization\"},\"potentialAction\":[{\"@type\":\"SearchAction\",\"target\":{\"@type\":\"EntryPoint\",\"urlTemplate\":\"https:\/\/www.lagazel.com\/en\/?s={search_term_string}\"},\"query-input\":{\"@type\":\"PropertyValueSpecification\",\"valueRequired\":true,\"valueName\":\"search_term_string\"}}],\"inLanguage\":\"en-US\"},{\"@type\":\"Organization\",\"@id\":\"https:\/\/www.lagazel.com\/en\/#organization\",\"name\":\"Lagazel\",\"url\":\"https:\/\/www.lagazel.com\/en\/\",\"logo\":{\"@type\":\"ImageObject\",\"inLanguage\":\"en-US\",\"@id\":\"https:\/\/www.lagazel.com\/en\/#\/schema\/logo\/image\/\",\"url\":\"https:\/\/www.lagazel.com\/wp-content\/uploads\/2018\/05\/lagazel-lampe-solaire-logo-grand.png\",\"contentUrl\":\"https:\/\/www.lagazel.com\/wp-content\/uploads\/2018\/05\/lagazel-lampe-solaire-logo-grand.png\",\"width\":170,\"height\":153,\"caption\":\"Lagazel\"},\"image\":{\"@id\":\"https:\/\/www.lagazel.com\/en\/#\/schema\/logo\/image\/\"}}]}<\/script>\n<!-- \/ Yoast SEO plugin. -->","yoast_head_json":{"title":"Lampe solaire solide, robuste et portable \u2013 Lagazel","description":"Les lampes solaires Lagazel poss\u00e8dent une grande robustesse, ce qui les rend capables de r\u00e9sister aux al\u00e9as d'un environnement difficile et d'une utilisation intensive. Certification Lighting Global 2018.","robots":{"index":"index","follow":"follow","max-snippet":"max-snippet:-1","max-image-preview":"max-image-preview:large","max-video-preview":"max-video-preview:-1"},"canonical":"https:\/\/www.lagazel.com\/en\/lampe-solaire-solide-robuste-et-portable-lagazel\/","og_locale":"en_US","og_type":"article","og_title":"Lampe solaire solide, robuste et portable \u2013 Lagazel","og_description":"Les lampes solaires Lagazel poss\u00e8dent une grande robustesse, ce qui les rend capables de r\u00e9sister aux al\u00e9as d'un environnement difficile et d'une utilisation intensive. Certification Lighting Global 2018.","og_url":"https:\/\/www.lagazel.com\/en\/lampe-solaire-solide-robuste-et-portable-lagazel\/","og_site_name":"Lagazel","article_modified_time":"2022-04-21T10:12:17+00:00","twitter_card":"summary_large_image","twitter_misc":{"Est. reading time":"12 minutes"},"schema":{"@context":"https:\/\/schema.org","@graph":[{"@type":"WebPage","@id":"https:\/\/www.lagazel.com\/en\/lampe-solaire-solide-robuste-et-portable-lagazel\/","url":"https:\/\/www.lagazel.com\/en\/lampe-solaire-solide-robuste-et-portable-lagazel\/","name":"Lampe solaire solide, robuste et portable \u2013 Lagazel","isPartOf":{"@id":"https:\/\/www.lagazel.com\/en\/#website"},"datePublished":"2020-03-23T11:00:00+00:00","dateModified":"2022-04-21T10:12:17+00:00","description":"Les lampes solaires Lagazel poss\u00e8dent une grande robustesse, ce qui les rend capables de r\u00e9sister aux al\u00e9as d'un environnement difficile et d'une utilisation intensive. Certification Lighting Global 2018.","breadcrumb":{"@id":"https:\/\/www.lagazel.com\/en\/lampe-solaire-solide-robuste-et-portable-lagazel\/#breadcrumb"},"inLanguage":"en-US","potentialAction":[{"@type":"ReadAction","target":["https:\/\/www.lagazel.com\/en\/lampe-solaire-solide-robuste-et-portable-lagazel\/"]}]},{"@type":"BreadcrumbList","@id":"https:\/\/www.lagazel.com\/en\/lampe-solaire-solide-robuste-et-portable-lagazel\/#breadcrumb","itemListElement":[{"@type":"ListItem","position":1,"name":"Home","item":"https:\/\/www.lagazel.com\/en\/"},{"@type":"ListItem","position":2,"name":"A rugged solar lamp"}]},{"@type":"WebSite","@id":"https:\/\/www.lagazel.com\/en\/#website","url":"https:\/\/www.lagazel.com\/en\/","name":"Lagazel","description":"Fabricant de lampe solaire pour l&#039;Afrique","publisher":{"@id":"https:\/\/www.lagazel.com\/en\/#organization"},"potentialAction":[{"@type":"SearchAction","target":{"@type":"EntryPoint","urlTemplate":"https:\/\/www.lagazel.com\/en\/?s={search_term_string}"},"query-input":{"@type":"PropertyValueSpecification","valueRequired":true,"valueName":"search_term_string"}}],"inLanguage":"en-US"},{"@type":"Organization","@id":"https:\/\/www.lagazel.com\/en\/#organization","name":"Lagazel","url":"https:\/\/www.lagazel.com\/en\/","logo":{"@type":"ImageObject","inLanguage":"en-US","@id":"https:\/\/www.lagazel.com\/en\/#\/schema\/logo\/image\/","url":"https:\/\/www.lagazel.com\/wp-content\/uploads\/2018\/05\/lagazel-lampe-solaire-logo-grand.png","contentUrl":"https:\/\/www.lagazel.com\/wp-content\/uploads\/2018\/05\/lagazel-lampe-solaire-logo-grand.png","width":170,"height":153,"caption":"Lagazel"},"image":{"@id":"https:\/\/www.lagazel.com\/en\/#\/schema\/logo\/image\/"}}]}},"_links":{"self":[{"href":"https:\/\/www.lagazel.com\/en\/wp-json\/wp\/v2\/pages\/2629","targetHints":{"allow":["GET"]}}],"collection":[{"href":"https:\/\/www.lagazel.com\/en\/wp-json\/wp\/v2\/pages"}],"about":[{"href":"https:\/\/www.lagazel.com\/en\/wp-json\/wp\/v2\/types\/page"}],"author":[{"embeddable":true,"href":"https:\/\/www.lagazel.com\/en\/wp-json\/wp\/v2\/users\/2"}],"replies":[{"embeddable":true,"href":"https:\/\/www.lagazel.com\/en\/wp-json\/wp\/v2\/comments?post=2629"}],"version-history":[{"count":0,"href":"https:\/\/www.lagazel.com\/en\/wp-json\/wp\/v2\/pages\/2629\/revisions"}],"wp:attachment":[{"href":"https:\/\/www.lagazel.com\/en\/wp-json\/wp\/v2\/media?parent=2629"}],"curies":[{"name":"wp","href":"https:\/\/api.w.org\/{rel}","templated":true}]}}