{"id":2634,"date":"2020-03-23T12:23:32","date_gmt":"2020-03-23T11:23:32","guid":{"rendered":"https:\/\/www.lagazel.com\/leclairage-un-enjeu-majeur-pour-les-pays-en-developpement-lagazel\/"},"modified":"2022-04-21T12:09:38","modified_gmt":"2022-04-21T10:09:38","slug":"leclairage-un-enjeu-majeur-pour-les-pays-en-developpement-lagazel","status":"publish","type":"page","link":"https:\/\/www.lagazel.com\/en\/leclairage-un-enjeu-majeur-pour-les-pays-en-developpement-lagazel\/","title":{"rendered":"L\u2019\u00e9clairage, un enjeu majeur pour les pays en d\u00e9veloppement &#8211; Lagazel"},"content":{"rendered":"<p><div class=\"fusion-fullwidth fullwidth-box fusion-builder-row-1 hundred-percent-fullwidth non-hundred-percent-height-scrolling\" style=\"background-color: rgba(255,255,255,0);background-position: center center;background-repeat: no-repeat;padding-top:0px;padding-right:8%;padding-bottom:3%;padding-left:8%;margin-bottom: 0px;margin-top: 0px;border-width: 0px 0px 0px 0px;border-color:#eae9e9;border-style:solid;\" ><div class=\"fusion-builder-row fusion-row\"><div class=\"fusion-layout-column fusion_builder_column fusion-builder-column-0 fusion_builder_column_1_1 1_1 fusion-one-full fusion-column-first fusion-column-last\" style=\"margin-top:3%;margin-bottom:3%;\"><div class=\"fusion-column-wrapper fusion-flex-column-wrapper-legacy\" style=\"background-position:left top;background-repeat:no-repeat;-webkit-background-size:cover;-moz-background-size:cover;-o-background-size:cover;background-size:cover;padding: 0px 8% 0px 8%;\"><div class=\"fusion-text fusion-text-1\"><h1 style=\"text-align: center; text-transform: uppercase; color: rgba(77,86,98,0.65);\">LIGHTING,<span style=\"color: #212121;\"> A PRIMORDIAL FACTOR FOR DEVELOPMENT <\/span><\/h1>\n<\/div><div class=\"fusion-clearfix\"><\/div><\/div><\/div><\/div><\/div><div class=\"fusion-fullwidth fullwidth-box fusion-builder-row-2 nonhundred-percent-fullwidth non-hundred-percent-height-scrolling fusion-equal-height-columns\" style=\"background-color: #ffffff;background-position: center center;background-repeat: no-repeat;padding-top:5%;padding-right:8%;padding-bottom:0px;padding-left:8%;margin-bottom: 0px;border-width: 0px 0px 0px 0px;border-color:#eae9e9;border-style:solid;\" ><div class=\"fusion-builder-row fusion-row\"><div class=\"fusion-layout-column fusion_builder_column fusion-builder-column-1 fusion_builder_column_1_2 1_2 fusion-one-half fusion-column-first\" style=\"width:50%;width:calc(50% - ( ( 5% ) * 0.5 ) );margin-right: 5%;margin-top:0px;margin-bottom:20px;\"><div class=\"fusion-column-wrapper fusion-flex-column-wrapper-legacy fusion-empty-column-bg-image lazyload\" style=\"background-image:inherit;background-position:center center;background-repeat:no-repeat;-webkit-background-size:cover;-moz-background-size:cover;-o-background-size:cover;background-size:cover;padding: 0px 0px 0px 0px;\" data-bg-url=\"https:\/\/www.lagazel.com\/wp-content\/uploads\/2019\/01\/Lagazel-lampes-solaires-serveuse-bar-eclairage.jpg\" data-bg-image=\"url(&#039;https:\/\/www.lagazel.com\/wp-content\/uploads\/2019\/01\/Lagazel-lampes-solaires-serveuse-bar-eclairage.jpg&#039;)\"><img decoding=\"async\" class=\"fusion-empty-dims-img-placeholder fusion-no-large-visibility\" src=\"data:image\/svg+xml,%3Csvg%20xmlns%3D%27http%3A%2F%2Fwww.w3.org%2F2000%2Fsvg%27%20width%3D%27768%27%20height%3D%27545%27%20viewBox%3D%270%200%20768%20545%27%3E%3Crect%20width%3D%27768%27%20height%3D%27545%27%20fill-opacity%3D%220%22%2F%3E%3C%2Fsvg%3E\"><div class=\"fusion-clearfix\"><\/div><\/div><\/div><div class=\"fusion-layout-column fusion_builder_column fusion-builder-column-2 fusion_builder_column_1_2 1_2 fusion-one-half fusion-column-last\" style=\"width:50%;width:calc(50% - ( ( 5% ) * 0.5 ) );margin-top:0px;margin-bottom:20px;\"><div class=\"fusion-column-wrapper fusion-flex-column-wrapper-legacy\" style=\"background-position:left top;background-repeat:no-repeat;-webkit-background-size:cover;-moz-background-size:cover;-o-background-size:cover;background-size:cover;padding: 0px 0px 0px 0px;\"><div class=\"fusion-text fusion-text-2\"><p>In Sahelian Africa, the majority of the population lives in rural areas. Less than 10% of these people have access to electricity, whereas lighting is a <strong>primordial factor in development<\/strong>. A child that can have light in the evening will be able to read her lessons and do her homework. A mother or father can keep a business open after sundown. A family can save quite a bit of money by using modern lighting. This is also true for health and access to healthcare\u2026<\/p>\n<p>In many areas of the world, the night lasts about 12 hours all year long. Access to light means being able to improve living conditions. At a time where energy dependency and the costs incurred by this dependency are skyrocketing, solar lamps are an innovative response to the issue of reducing poverty and to the development of a country.<\/p>\n<\/div><div class=\"fusion-sep-clear\"><\/div><div class=\"fusion-separator fusion-full-width-sep\" style=\"margin-left: auto;margin-right: auto;margin-top:15px;width:100%;\"><\/div><div class=\"fusion-sep-clear\"><\/div><div class=\"fusion-clearfix\"><\/div><\/div><\/div><\/div><\/div><div class=\"fusion-fullwidth fullwidth-box fusion-builder-row-3 nonhundred-percent-fullwidth non-hundred-percent-height-scrolling fusion-equal-height-columns\" style=\"background-color: #ffffff;background-position: center center;background-repeat: no-repeat;padding-top:3%;padding-right:8%;padding-bottom:5%;padding-left:8%;margin-bottom: 0px;border-width: 0px 0px 0px 0px;border-color:#eae9e9;border-style:solid;\" ><div class=\"fusion-builder-row fusion-row\"><div class=\"fusion-layout-column fusion_builder_column fusion-builder-column-3 fusion_builder_column_1_1 1_1 fusion-one-full fusion-column-first fusion-column-last\" style=\"margin-top:0px;margin-bottom:20px;\"><div class=\"fusion-column-wrapper fusion-flex-column-wrapper-legacy\" style=\"background-position:left top;background-repeat:no-repeat;-webkit-background-size:cover;-moz-background-size:cover;-o-background-size:cover;background-size:cover;padding: 0px 0px 0px 0px;\"><div class=\"fusion-text fusion-text-3\"><h2 style=\"text-align: left;\">The solution: solidarity-based solar lighting <\/h2>\n<\/div><div class=\"fusion-builder-row fusion-builder-row-inner fusion-row\"><div class=\"fusion-layout-column fusion_builder_column_inner fusion-builder-nested-column-0 fusion_builder_column_inner_1_2 1_2 fusion-one-half fusion-column-first\" style=\"width:50%;width:calc(50% - ( ( 4% ) * 0.5 ) );margin-right: 4%;margin-top:0px;margin-bottom:20px;\"><div class=\"fusion-column-wrapper fusion-flex-column-wrapper-legacy\" style=\"background-position:left top;background-repeat:no-repeat;-webkit-background-size:cover;-moz-background-size:cover;-o-background-size:cover;background-size:cover;padding: 0px 0px 0px 0px;\"><div class=\"fusion-text fusion-text-4\"><p>Africa is one of the continents with the greatest exposure to sunlight. How is it, then, that this source of energy is so poorly exploited? Today the primary energy needs are covered by firewood, petrol, candles, battery-operated devices \u2026 These sources of energy are costly and bad for health and the environment. Using firewood for light, for example, aggravates the desertification of entire regions.<\/p>\n<p>The sun, present all year long in Africa, offers unlimited potential for the development of a country and for companies committed to that development. For LAGAZEL, it seemed inconceivable not to use solar energy to provide light for a needy population that wants it.<\/p>\n<p>The solar lamp is <strong>an environmentally-friendly and solidarity-based lighting solution<\/strong> which holds one of the keys <strong>to Africa\u2019s economic development<\/strong>.<\/p>\n<\/div><div class=\"fusion-clearfix\"><\/div><\/div><\/div><div class=\"fusion-layout-column fusion_builder_column_inner fusion-builder-nested-column-1 fusion_builder_column_inner_1_2 1_2 fusion-one-half fusion-column-last\" style=\"width:50%;width:calc(50% - ( ( 4% ) * 0.5 ) );margin-top:0px;margin-bottom:20px;\"><div class=\"fusion-column-wrapper fusion-flex-column-wrapper-legacy fusion-empty-column-bg-image lazyload\" style=\"background-image:inherit;background-position:center center;background-repeat:no-repeat;-webkit-background-size:cover;-moz-background-size:cover;-o-background-size:cover;background-size:cover;padding: 0px 0px 0px 0px;\" data-bg-url=\"https:\/\/www.lagazel.com\/wp-content\/uploads\/2019\/01\/Lagazel-lampes-solaires-ouvier-rue-eclairage.jpg\" data-bg-image=\"url(&#039;https:\/\/www.lagazel.com\/wp-content\/uploads\/2019\/01\/Lagazel-lampes-solaires-ouvier-rue-eclairage.jpg&#039;)\"><img decoding=\"async\" class=\"fusion-empty-dims-img-placeholder fusion-no-large-visibility\" src=\"data:image\/svg+xml,%3Csvg%20xmlns%3D%27http%3A%2F%2Fwww.w3.org%2F2000%2Fsvg%27%20width%3D%27768%27%20height%3D%27545%27%20viewBox%3D%270%200%20768%20545%27%3E%3Crect%20width%3D%27768%27%20height%3D%27545%27%20fill-opacity%3D%220%22%2F%3E%3C%2Fsvg%3E\"><div class=\"fusion-clearfix\"><\/div><\/div><\/div><\/div><div class=\"fusion-clearfix\"><\/div><\/div><\/div><\/div><\/div><div class=\"fusion-fullwidth fullwidth-box fusion-builder-row-4 hundred-percent-fullwidth non-hundred-percent-height-scrolling\" style=\"background-color: #333333;background-position: center center;background-repeat: no-repeat;padding-top:1%;padding-right:0px;padding-bottom:1%;padding-left:0px;margin-bottom: -3px;margin-top: 0px;border-width: 0px 0px 0px 0px;border-color:#eae9e9;border-style:solid;\" ><div class=\"fusion-builder-row fusion-row\"><\/div><\/div>\n<\/p>\n","protected":false},"excerpt":{"rendered":"","protected":false},"author":2,"featured_media":0,"parent":0,"menu_order":0,"comment_status":"closed","ping_status":"closed","template":"100-width.php","meta":{"om_disable_all_campaigns":false,"_monsterinsights_skip_tracking":false,"_monsterinsights_sitenote_active":false,"_monsterinsights_sitenote_note":"","_monsterinsights_sitenote_category":0,"footnotes":""},"class_list":["post-2634","page","type-page","status-publish","hentry"],"aioseo_notices":[],"yoast_head":"<!-- This site is optimized with the Yoast SEO plugin v24.9 - https:\/\/yoast.com\/wordpress\/plugins\/seo\/ -->\n<title>L\u2019\u00e9clairage, un enjeu majeur pour les pays en d\u00e9veloppement - Lagazel<\/title>\n<meta name=\"description\" content=\"D\u00e9couvrez les enjeux de l\u2019acc\u00e8s \u00e0 l\u2019\u00e9clairage en Afrique et la solution port\u00e9e par Lagazel : une lampe solaire et solidaire pour l&#039;Afrique, qui apporte l&#039;\u00e9clairage \u00e0 des populations qui en sont priv\u00e9es.\" \/>\n<meta name=\"robots\" content=\"index, follow, max-snippet:-1, max-image-preview:large, max-video-preview:-1\" \/>\n<link rel=\"canonical\" href=\"https:\/\/www.lagazel.com\/en\/leclairage-un-enjeu-majeur-pour-les-pays-en-developpement-lagazel\/\" \/>\n<meta property=\"og:locale\" content=\"en_US\" \/>\n<meta property=\"og:type\" content=\"article\" \/>\n<meta property=\"og:title\" content=\"L\u2019\u00e9clairage, un enjeu majeur pour les pays en d\u00e9veloppement - Lagazel\" \/>\n<meta property=\"og:description\" content=\"D\u00e9couvrez les enjeux de l\u2019acc\u00e8s \u00e0 l\u2019\u00e9clairage en Afrique et la solution port\u00e9e par Lagazel : une lampe solaire et solidaire pour l&#039;Afrique, qui apporte l&#039;\u00e9clairage \u00e0 des populations qui en sont priv\u00e9es.\" \/>\n<meta property=\"og:url\" content=\"https:\/\/www.lagazel.com\/en\/leclairage-un-enjeu-majeur-pour-les-pays-en-developpement-lagazel\/\" \/>\n<meta property=\"og:site_name\" content=\"Lagazel\" \/>\n<meta property=\"article:modified_time\" content=\"2022-04-21T10:09:38+00:00\" \/>\n<meta name=\"twitter:card\" content=\"summary_large_image\" \/>\n<meta name=\"twitter:label1\" content=\"Est. reading time\" \/>\n\t<meta name=\"twitter:data1\" content=\"4 minutes\" \/>\n<script type=\"application\/ld+json\" class=\"yoast-schema-graph\">{\"@context\":\"https:\/\/schema.org\",\"@graph\":[{\"@type\":\"WebPage\",\"@id\":\"https:\/\/www.lagazel.com\/en\/leclairage-un-enjeu-majeur-pour-les-pays-en-developpement-lagazel\/\",\"url\":\"https:\/\/www.lagazel.com\/en\/leclairage-un-enjeu-majeur-pour-les-pays-en-developpement-lagazel\/\",\"name\":\"L\u2019\u00e9clairage, un enjeu majeur pour les pays en d\u00e9veloppement - Lagazel\",\"isPartOf\":{\"@id\":\"https:\/\/www.lagazel.com\/en\/#website\"},\"datePublished\":\"2020-03-23T11:23:32+00:00\",\"dateModified\":\"2022-04-21T10:09:38+00:00\",\"description\":\"D\u00e9couvrez les enjeux de l\u2019acc\u00e8s \u00e0 l\u2019\u00e9clairage en Afrique et la solution port\u00e9e par Lagazel : une lampe solaire et solidaire pour l'Afrique, qui apporte l'\u00e9clairage \u00e0 des populations qui en sont priv\u00e9es.\",\"breadcrumb\":{\"@id\":\"https:\/\/www.lagazel.com\/en\/leclairage-un-enjeu-majeur-pour-les-pays-en-developpement-lagazel\/#breadcrumb\"},\"inLanguage\":\"en-US\",\"potentialAction\":[{\"@type\":\"ReadAction\",\"target\":[\"https:\/\/www.lagazel.com\/en\/leclairage-un-enjeu-majeur-pour-les-pays-en-developpement-lagazel\/\"]}]},{\"@type\":\"BreadcrumbList\",\"@id\":\"https:\/\/www.lagazel.com\/en\/leclairage-un-enjeu-majeur-pour-les-pays-en-developpement-lagazel\/#breadcrumb\",\"itemListElement\":[{\"@type\":\"ListItem\",\"position\":1,\"name\":\"Home\",\"item\":\"https:\/\/www.lagazel.com\/en\/\"},{\"@type\":\"ListItem\",\"position\":2,\"name\":\"Solidarity-based solar lamps\"}]},{\"@type\":\"WebSite\",\"@id\":\"https:\/\/www.lagazel.com\/en\/#website\",\"url\":\"https:\/\/www.lagazel.com\/en\/\",\"name\":\"Lagazel\",\"description\":\"Fabricant de lampe solaire pour l&#039;Afrique\",\"publisher\":{\"@id\":\"https:\/\/www.lagazel.com\/en\/#organization\"},\"potentialAction\":[{\"@type\":\"SearchAction\",\"target\":{\"@type\":\"EntryPoint\",\"urlTemplate\":\"https:\/\/www.lagazel.com\/en\/?s={search_term_string}\"},\"query-input\":{\"@type\":\"PropertyValueSpecification\",\"valueRequired\":true,\"valueName\":\"search_term_string\"}}],\"inLanguage\":\"en-US\"},{\"@type\":\"Organization\",\"@id\":\"https:\/\/www.lagazel.com\/en\/#organization\",\"name\":\"Lagazel\",\"url\":\"https:\/\/www.lagazel.com\/en\/\",\"logo\":{\"@type\":\"ImageObject\",\"inLanguage\":\"en-US\",\"@id\":\"https:\/\/www.lagazel.com\/en\/#\/schema\/logo\/image\/\",\"url\":\"https:\/\/www.lagazel.com\/wp-content\/uploads\/2018\/05\/lagazel-lampe-solaire-logo-grand.png\",\"contentUrl\":\"https:\/\/www.lagazel.com\/wp-content\/uploads\/2018\/05\/lagazel-lampe-solaire-logo-grand.png\",\"width\":170,\"height\":153,\"caption\":\"Lagazel\"},\"image\":{\"@id\":\"https:\/\/www.lagazel.com\/en\/#\/schema\/logo\/image\/\"}}]}<\/script>\n<!-- \/ Yoast SEO plugin. -->","yoast_head_json":{"title":"L\u2019\u00e9clairage, un enjeu majeur pour les pays en d\u00e9veloppement - Lagazel","description":"D\u00e9couvrez les enjeux de l\u2019acc\u00e8s \u00e0 l\u2019\u00e9clairage en Afrique et la solution port\u00e9e par Lagazel : une lampe solaire et solidaire pour l'Afrique, qui apporte l'\u00e9clairage \u00e0 des populations qui en sont priv\u00e9es.","robots":{"index":"index","follow":"follow","max-snippet":"max-snippet:-1","max-image-preview":"max-image-preview:large","max-video-preview":"max-video-preview:-1"},"canonical":"https:\/\/www.lagazel.com\/en\/leclairage-un-enjeu-majeur-pour-les-pays-en-developpement-lagazel\/","og_locale":"en_US","og_type":"article","og_title":"L\u2019\u00e9clairage, un enjeu majeur pour les pays en d\u00e9veloppement - Lagazel","og_description":"D\u00e9couvrez les enjeux de l\u2019acc\u00e8s \u00e0 l\u2019\u00e9clairage en Afrique et la solution port\u00e9e par Lagazel : une lampe solaire et solidaire pour l'Afrique, qui apporte l'\u00e9clairage \u00e0 des populations qui en sont priv\u00e9es.","og_url":"https:\/\/www.lagazel.com\/en\/leclairage-un-enjeu-majeur-pour-les-pays-en-developpement-lagazel\/","og_site_name":"Lagazel","article_modified_time":"2022-04-21T10:09:38+00:00","twitter_card":"summary_large_image","twitter_misc":{"Est. reading time":"4 minutes"},"schema":{"@context":"https:\/\/schema.org","@graph":[{"@type":"WebPage","@id":"https:\/\/www.lagazel.com\/en\/leclairage-un-enjeu-majeur-pour-les-pays-en-developpement-lagazel\/","url":"https:\/\/www.lagazel.com\/en\/leclairage-un-enjeu-majeur-pour-les-pays-en-developpement-lagazel\/","name":"L\u2019\u00e9clairage, un enjeu majeur pour les pays en d\u00e9veloppement - Lagazel","isPartOf":{"@id":"https:\/\/www.lagazel.com\/en\/#website"},"datePublished":"2020-03-23T11:23:32+00:00","dateModified":"2022-04-21T10:09:38+00:00","description":"D\u00e9couvrez les enjeux de l\u2019acc\u00e8s \u00e0 l\u2019\u00e9clairage en Afrique et la solution port\u00e9e par Lagazel : une lampe solaire et solidaire pour l'Afrique, qui apporte l'\u00e9clairage \u00e0 des populations qui en sont priv\u00e9es.","breadcrumb":{"@id":"https:\/\/www.lagazel.com\/en\/leclairage-un-enjeu-majeur-pour-les-pays-en-developpement-lagazel\/#breadcrumb"},"inLanguage":"en-US","potentialAction":[{"@type":"ReadAction","target":["https:\/\/www.lagazel.com\/en\/leclairage-un-enjeu-majeur-pour-les-pays-en-developpement-lagazel\/"]}]},{"@type":"BreadcrumbList","@id":"https:\/\/www.lagazel.com\/en\/leclairage-un-enjeu-majeur-pour-les-pays-en-developpement-lagazel\/#breadcrumb","itemListElement":[{"@type":"ListItem","position":1,"name":"Home","item":"https:\/\/www.lagazel.com\/en\/"},{"@type":"ListItem","position":2,"name":"Solidarity-based solar lamps"}]},{"@type":"WebSite","@id":"https:\/\/www.lagazel.com\/en\/#website","url":"https:\/\/www.lagazel.com\/en\/","name":"Lagazel","description":"Fabricant de lampe solaire pour l&#039;Afrique","publisher":{"@id":"https:\/\/www.lagazel.com\/en\/#organization"},"potentialAction":[{"@type":"SearchAction","target":{"@type":"EntryPoint","urlTemplate":"https:\/\/www.lagazel.com\/en\/?s={search_term_string}"},"query-input":{"@type":"PropertyValueSpecification","valueRequired":true,"valueName":"search_term_string"}}],"inLanguage":"en-US"},{"@type":"Organization","@id":"https:\/\/www.lagazel.com\/en\/#organization","name":"Lagazel","url":"https:\/\/www.lagazel.com\/en\/","logo":{"@type":"ImageObject","inLanguage":"en-US","@id":"https:\/\/www.lagazel.com\/en\/#\/schema\/logo\/image\/","url":"https:\/\/www.lagazel.com\/wp-content\/uploads\/2018\/05\/lagazel-lampe-solaire-logo-grand.png","contentUrl":"https:\/\/www.lagazel.com\/wp-content\/uploads\/2018\/05\/lagazel-lampe-solaire-logo-grand.png","width":170,"height":153,"caption":"Lagazel"},"image":{"@id":"https:\/\/www.lagazel.com\/en\/#\/schema\/logo\/image\/"}}]}},"_links":{"self":[{"href":"https:\/\/www.lagazel.com\/en\/wp-json\/wp\/v2\/pages\/2634","targetHints":{"allow":["GET"]}}],"collection":[{"href":"https:\/\/www.lagazel.com\/en\/wp-json\/wp\/v2\/pages"}],"about":[{"href":"https:\/\/www.lagazel.com\/en\/wp-json\/wp\/v2\/types\/page"}],"author":[{"embeddable":true,"href":"https:\/\/www.lagazel.com\/en\/wp-json\/wp\/v2\/users\/2"}],"replies":[{"embeddable":true,"href":"https:\/\/www.lagazel.com\/en\/wp-json\/wp\/v2\/comments?post=2634"}],"version-history":[{"count":0,"href":"https:\/\/www.lagazel.com\/en\/wp-json\/wp\/v2\/pages\/2634\/revisions"}],"wp:attachment":[{"href":"https:\/\/www.lagazel.com\/en\/wp-json\/wp\/v2\/media?parent=2634"}],"curies":[{"name":"wp","href":"https:\/\/api.w.org\/{rel}","templated":true}]}}