{"id":2695,"date":"2020-03-24T16:16:01","date_gmt":"2020-03-24T15:16:01","guid":{"rendered":"https:\/\/www.lagazel.com\/solution-de-sous-traitance-en-afrique-lagazel\/"},"modified":"2022-04-21T12:13:32","modified_gmt":"2022-04-21T10:13:32","slug":"solution-de-sous-traitance-en-afrique-lagazel","status":"publish","type":"page","link":"https:\/\/www.lagazel.com\/en\/solution-de-sous-traitance-en-afrique-lagazel\/","title":{"rendered":"Solution de sous-traitance en Afrique &#8211; Lagazel"},"content":{"rendered":"<p><div class=\"fusion-fullwidth fullwidth-box fusion-builder-row-1 hundred-percent-fullwidth non-hundred-percent-height-scrolling\" style=\"background-color: rgba(255,255,255,0);background-position: center center;background-repeat: no-repeat;padding-top:0px;padding-right:8%;padding-bottom:0px;padding-left:8%;margin-bottom: 0px;margin-top: 0px;border-width: 0px 0px 0px 0px;border-color:#eae9e9;border-style:solid;\" ><div class=\"fusion-builder-row fusion-row\"><div class=\"fusion-layout-column fusion_builder_column fusion-builder-column-0 fusion_builder_column_1_1 1_1 fusion-one-full fusion-column-first fusion-column-last\" style=\"margin-top:5%;margin-bottom:5%;\"><div class=\"fusion-column-wrapper fusion-flex-column-wrapper-legacy\" style=\"background-position:left top;background-repeat:no-repeat;-webkit-background-size:cover;-moz-background-size:cover;-o-background-size:cover;background-size:cover;padding: 0px 8% 0px 8%;\"><div class=\"fusion-text fusion-text-1\"><h1 style=\"text-align: center; text-transform: uppercase; color: rgba(77,86,98,0.65);\">INDUSTRIAL PROJECT FOR SUB-CONTRACTING:<span style=\"color: #212121;\"> THE POTENTIAL FOR AFRICA<\/span><\/h1>\n<\/div><div class=\"fusion-text fusion-text-2\"><p style=\"text-align: center;\">Chabanne, a company specializing in metal wire for over 65 years, and Lagazel, have teamed up to propose solutions for sub-contracting in Africa. We are prepared to contribute our years of experience to help you succeed in your sub-contracting projects on the African continent.<\/p>\n<\/div><div class=\"fusion-clearfix\"><\/div><\/div><\/div><\/div><\/div><div class=\"fusion-fullwidth fullwidth-box fusion-builder-row-2 hundred-percent-fullwidth non-hundred-percent-height-scrolling\" style=\"background-color: #ffffff;background-position: center center;background-repeat: no-repeat;padding-top:0px;padding-right:8%;padding-bottom:0px;padding-left:8%;margin-bottom: 0px;margin-top: 0px;border-width: 0px 0px 0px 0px;border-color:#eae9e9;border-style:solid;\" ><div class=\"fusion-builder-row fusion-row\"><div class=\"fusion-layout-column fusion_builder_column fusion-builder-column-1 fusion_builder_column_1_2 1_2 fusion-one-half fusion-column-first\" style=\"width:50%;width:calc(50% - ( ( 4% ) * 0.5 ) );margin-right: 4%;margin-top:5%;margin-bottom:5%;\"><div class=\"fusion-column-wrapper fusion-flex-column-wrapper-legacy\" style=\"background-position:left top;background-repeat:no-repeat;-webkit-background-size:cover;-moz-background-size:cover;-o-background-size:cover;background-size:cover;padding: 0px 8% 0px 8%;\"><div class=\"fusion-text fusion-text-3\"><h2>A solution adapted to your needs and expectations<\/h2>\n<\/div><div class=\"fusion-text fusion-text-4\"><p>Regardless of your sector of activity, we have solutions that are adapted to your sub-contracting needs. With trained local labor, the implementation of the project will be rapid, with a team that is autonomous and operational. Production that meets European quality standards, traceability and co-development of technical solutions, are clear assets that we can offer, so you can offer you clients products or services that are in line with their needs. Manufacture, design, assembly, cabling, after-sales service, there are many sub-contracting operations possible through African infrastructures.<\/p>\n<p>Trust the experts that have been working on the continent for almost ten years. We have agents that fully understand the African market and its environment, who will share their knowledge with you to enable you to set up your project in the best conditions possible.<\/p>\n<\/div><div class=\"fusion-clearfix\"><\/div><\/div><\/div><div class=\"fusion-layout-column fusion_builder_column fusion-builder-column-2 fusion_builder_column_1_2 1_2 fusion-one-half fusion-column-last\" style=\"width:50%;width:calc(50% - ( ( 4% ) * 0.5 ) );margin-top:5%;margin-bottom:5%;\"><div class=\"fusion-column-wrapper fusion-flex-column-wrapper-legacy\" style=\"background-position:left top;background-repeat:no-repeat;-webkit-background-size:cover;-moz-background-size:cover;-o-background-size:cover;background-size:cover;padding: 0px 8% 0px 8%;\"><div class=\"fusion-text fusion-text-5\"><h2>The advantages of sub-contracting in Africa<\/h2>\n<\/div><div class=\"fusion-text fusion-text-6\"><p>There are many advantages related to industrial sub-contracting in Africa for companies &#8211; optimization of production, rapid response time for client requests, adaptation to market requirements. Sub-contracting is a non-negligible way to increase a company\u2019s turnover. However, it is sometimes difficult to understand how to develop an industrial partnership project on an international level. The economic, temporal and technical dimensions need to be taken into account, regardless of the sector or industry concerned. Defining the working context, compliance with safety standards in effect, selection of the right sub-contractor, and the transfer of information to workers, are all sensitive areas when working at a distance from your team.<\/p>\n<p>The expertise that Chabanne and Lagazel can provide will enable your company to benefit from our experience in the conception and development of your medium or large-scale industrial sub-contracting projects, in high-potential continents like Africa. We can provide valuable advice for the serene development and deployment of your sub-contracting project.<\/p>\n<\/div><div class=\"fusion-clearfix\"><\/div><\/div><\/div><\/div><\/div><div class=\"fusion-fullwidth fullwidth-box fusion-builder-row-3 nonhundred-percent-fullwidth non-hundred-percent-height-scrolling fusion-equal-height-columns\" style=\"background-color: #ffffff;background-position: center center;background-repeat: no-repeat;padding-top:0px;padding-right:8%;padding-bottom:5%;padding-left:8%;margin-top: 0px;border-width: 0px 0px 0px 0px;border-color:#eae9e9;border-style:solid;\" ><div class=\"fusion-builder-row fusion-row\"><div class=\"fusion-layout-column fusion_builder_column fusion-builder-column-3 fusion_builder_column_1_6 1_6 fusion-one-sixth fusion-column-first\" style=\"width:16.666666666667%;width:calc(16.666666666667% - ( ( 0 ) * 0.16666666666667 ) );margin-right: 0px;margin-top:0px;margin-bottom:20px;\"><div class=\"fusion-column-wrapper fusion-flex-column-wrapper-legacy\" style=\"background-position:left top;background-repeat:no-repeat;-webkit-background-size:cover;-moz-background-size:cover;-o-background-size:cover;background-size:cover;background-color:#f7f7f7;padding: 3% 5% 5% 3%;\"><div class=\"fusion-column-content-centered\"><div class=\"fusion-column-content\"><div class=\"fusion-fa-align-center\"><i class=\"fb-icon-element-1 fb-icon-element fontawesome-icon fa-hands-helping fas circle-yes\" style=\"font-size:44px;line-height:86px;height:88px;width:88px;border-width:1px;margin-top:5%;margin-right:5%;margin-bottom:5%;margin-left:5%;\"><\/i><\/div><style>i.fb-icon-element.fontawesome-icon.fb-icon-element-1{ color: #768191; background-color: rgba(255,255,255,0); border-color: #768191;}i.fb-icon-element.fontawesome-icon.fb-icon-element-1:hover { color: #768191; background-color: rgba(255,255,255,0); border-color: #768191;}<\/style><\/div><\/div><div class=\"fusion-clearfix\"><\/div><\/div><\/div><div class=\"fusion-layout-column fusion_builder_column fusion-builder-column-4 fusion_builder_column_5_6 5_6 fusion-five-sixth fusion-column-last\" style=\"width:83.333333333333%;width:calc(83.333333333333% - ( ( 0 ) * 0.83333333333333 ) );margin-top:0px;margin-bottom:20px;\"><div class=\"fusion-column-wrapper fusion-flex-column-wrapper-legacy\" style=\"background-position:left top;background-repeat:no-repeat;-webkit-background-size:cover;-moz-background-size:cover;-o-background-size:cover;background-size:cover;background-color:#f7f7f7;padding: 5% 5% 5% 5%;\"><div class=\"fusion-column-content-centered\"><div class=\"fusion-column-content\"><div class=\"fusion-text fusion-text-7\"><p style=\"padding-right: 10%;\">Do you want to set up one or several industrial partnerships in Africa? Contact our experts for more information: <a href=\"mailto:contact@lagazel.com\">contact@lagazel.com<\/a><\/p>\n<\/div><\/div><\/div><div class=\"fusion-clearfix\"><\/div><\/div><\/div><\/div><\/div><div class=\"fusion-fullwidth fullwidth-box fusion-builder-row-4 hundred-percent-fullwidth non-hundred-percent-height-scrolling\" style=\"background-color: #333333;background-position: center center;background-repeat: no-repeat;padding-top:1%;padding-right:0px;padding-bottom:1%;padding-left:0px;margin-bottom: -3px;margin-top: 0px;border-width: 0px 0px 0px 0px;border-color:#eae9e9;border-style:solid;\" ><div class=\"fusion-builder-row fusion-row\"><\/div><\/div>\n<\/p>\n","protected":false},"excerpt":{"rendered":"","protected":false},"author":2,"featured_media":0,"parent":0,"menu_order":0,"comment_status":"closed","ping_status":"closed","template":"100-width.php","meta":{"om_disable_all_campaigns":false,"_monsterinsights_skip_tracking":false,"_monsterinsights_sitenote_active":false,"_monsterinsights_sitenote_note":"","_monsterinsights_sitenote_category":0,"footnotes":""},"class_list":["post-2695","page","type-page","status-publish","hentry"],"aioseo_notices":[],"yoast_head":"<!-- This site is optimized with the Yoast SEO plugin v24.9 - https:\/\/yoast.com\/wordpress\/plugins\/seo\/ -->\n<title>Solution de sous-traitance en Afrique - Lagazel<\/title>\n<meta name=\"description\" content=\"Vous envisagez de sous-traiter certaines de vos op\u00e9rations industrielles en Afrique ? D\u00e9couvrez nos solutions adapt\u00e9es \u00e0 tous secteurs d\u2019activit\u00e9s.\" \/>\n<meta name=\"robots\" content=\"index, follow, max-snippet:-1, max-image-preview:large, max-video-preview:-1\" \/>\n<link rel=\"canonical\" href=\"https:\/\/www.lagazel.com\/en\/solution-de-sous-traitance-en-afrique-lagazel\/\" \/>\n<meta property=\"og:locale\" content=\"en_US\" \/>\n<meta property=\"og:type\" content=\"article\" \/>\n<meta property=\"og:title\" content=\"Solution de sous-traitance en Afrique - Lagazel\" \/>\n<meta property=\"og:description\" content=\"Vous envisagez de sous-traiter certaines de vos op\u00e9rations industrielles en Afrique ? D\u00e9couvrez nos solutions adapt\u00e9es \u00e0 tous secteurs d\u2019activit\u00e9s.\" \/>\n<meta property=\"og:url\" content=\"https:\/\/www.lagazel.com\/en\/solution-de-sous-traitance-en-afrique-lagazel\/\" \/>\n<meta property=\"og:site_name\" content=\"Lagazel\" \/>\n<meta property=\"article:modified_time\" content=\"2022-04-21T10:13:32+00:00\" \/>\n<meta name=\"twitter:card\" content=\"summary_large_image\" \/>\n<meta name=\"twitter:label1\" content=\"Est. reading time\" \/>\n\t<meta name=\"twitter:data1\" content=\"4 minutes\" \/>\n<script type=\"application\/ld+json\" class=\"yoast-schema-graph\">{\"@context\":\"https:\/\/schema.org\",\"@graph\":[{\"@type\":\"WebPage\",\"@id\":\"https:\/\/www.lagazel.com\/en\/solution-de-sous-traitance-en-afrique-lagazel\/\",\"url\":\"https:\/\/www.lagazel.com\/en\/solution-de-sous-traitance-en-afrique-lagazel\/\",\"name\":\"Solution de sous-traitance en Afrique - Lagazel\",\"isPartOf\":{\"@id\":\"https:\/\/www.lagazel.com\/en\/#website\"},\"datePublished\":\"2020-03-24T15:16:01+00:00\",\"dateModified\":\"2022-04-21T10:13:32+00:00\",\"description\":\"Vous envisagez de sous-traiter certaines de vos op\u00e9rations industrielles en Afrique ? D\u00e9couvrez nos solutions adapt\u00e9es \u00e0 tous secteurs d\u2019activit\u00e9s.\",\"breadcrumb\":{\"@id\":\"https:\/\/www.lagazel.com\/en\/solution-de-sous-traitance-en-afrique-lagazel\/#breadcrumb\"},\"inLanguage\":\"en-US\",\"potentialAction\":[{\"@type\":\"ReadAction\",\"target\":[\"https:\/\/www.lagazel.com\/en\/solution-de-sous-traitance-en-afrique-lagazel\/\"]}]},{\"@type\":\"BreadcrumbList\",\"@id\":\"https:\/\/www.lagazel.com\/en\/solution-de-sous-traitance-en-afrique-lagazel\/#breadcrumb\",\"itemListElement\":[{\"@type\":\"ListItem\",\"position\":1,\"name\":\"Home\",\"item\":\"https:\/\/www.lagazel.com\/en\/\"},{\"@type\":\"ListItem\",\"position\":2,\"name\":\"Sub-contracting\"}]},{\"@type\":\"WebSite\",\"@id\":\"https:\/\/www.lagazel.com\/en\/#website\",\"url\":\"https:\/\/www.lagazel.com\/en\/\",\"name\":\"Lagazel\",\"description\":\"Fabricant de lampe solaire pour l&#039;Afrique\",\"publisher\":{\"@id\":\"https:\/\/www.lagazel.com\/en\/#organization\"},\"potentialAction\":[{\"@type\":\"SearchAction\",\"target\":{\"@type\":\"EntryPoint\",\"urlTemplate\":\"https:\/\/www.lagazel.com\/en\/?s={search_term_string}\"},\"query-input\":{\"@type\":\"PropertyValueSpecification\",\"valueRequired\":true,\"valueName\":\"search_term_string\"}}],\"inLanguage\":\"en-US\"},{\"@type\":\"Organization\",\"@id\":\"https:\/\/www.lagazel.com\/en\/#organization\",\"name\":\"Lagazel\",\"url\":\"https:\/\/www.lagazel.com\/en\/\",\"logo\":{\"@type\":\"ImageObject\",\"inLanguage\":\"en-US\",\"@id\":\"https:\/\/www.lagazel.com\/en\/#\/schema\/logo\/image\/\",\"url\":\"https:\/\/www.lagazel.com\/wp-content\/uploads\/2018\/05\/lagazel-lampe-solaire-logo-grand.png\",\"contentUrl\":\"https:\/\/www.lagazel.com\/wp-content\/uploads\/2018\/05\/lagazel-lampe-solaire-logo-grand.png\",\"width\":170,\"height\":153,\"caption\":\"Lagazel\"},\"image\":{\"@id\":\"https:\/\/www.lagazel.com\/en\/#\/schema\/logo\/image\/\"}}]}<\/script>\n<!-- \/ Yoast SEO plugin. -->","yoast_head_json":{"title":"Solution de sous-traitance en Afrique - Lagazel","description":"Vous envisagez de sous-traiter certaines de vos op\u00e9rations industrielles en Afrique ? D\u00e9couvrez nos solutions adapt\u00e9es \u00e0 tous secteurs d\u2019activit\u00e9s.","robots":{"index":"index","follow":"follow","max-snippet":"max-snippet:-1","max-image-preview":"max-image-preview:large","max-video-preview":"max-video-preview:-1"},"canonical":"https:\/\/www.lagazel.com\/en\/solution-de-sous-traitance-en-afrique-lagazel\/","og_locale":"en_US","og_type":"article","og_title":"Solution de sous-traitance en Afrique - Lagazel","og_description":"Vous envisagez de sous-traiter certaines de vos op\u00e9rations industrielles en Afrique ? D\u00e9couvrez nos solutions adapt\u00e9es \u00e0 tous secteurs d\u2019activit\u00e9s.","og_url":"https:\/\/www.lagazel.com\/en\/solution-de-sous-traitance-en-afrique-lagazel\/","og_site_name":"Lagazel","article_modified_time":"2022-04-21T10:13:32+00:00","twitter_card":"summary_large_image","twitter_misc":{"Est. reading time":"4 minutes"},"schema":{"@context":"https:\/\/schema.org","@graph":[{"@type":"WebPage","@id":"https:\/\/www.lagazel.com\/en\/solution-de-sous-traitance-en-afrique-lagazel\/","url":"https:\/\/www.lagazel.com\/en\/solution-de-sous-traitance-en-afrique-lagazel\/","name":"Solution de sous-traitance en Afrique - Lagazel","isPartOf":{"@id":"https:\/\/www.lagazel.com\/en\/#website"},"datePublished":"2020-03-24T15:16:01+00:00","dateModified":"2022-04-21T10:13:32+00:00","description":"Vous envisagez de sous-traiter certaines de vos op\u00e9rations industrielles en Afrique ? D\u00e9couvrez nos solutions adapt\u00e9es \u00e0 tous secteurs d\u2019activit\u00e9s.","breadcrumb":{"@id":"https:\/\/www.lagazel.com\/en\/solution-de-sous-traitance-en-afrique-lagazel\/#breadcrumb"},"inLanguage":"en-US","potentialAction":[{"@type":"ReadAction","target":["https:\/\/www.lagazel.com\/en\/solution-de-sous-traitance-en-afrique-lagazel\/"]}]},{"@type":"BreadcrumbList","@id":"https:\/\/www.lagazel.com\/en\/solution-de-sous-traitance-en-afrique-lagazel\/#breadcrumb","itemListElement":[{"@type":"ListItem","position":1,"name":"Home","item":"https:\/\/www.lagazel.com\/en\/"},{"@type":"ListItem","position":2,"name":"Sub-contracting"}]},{"@type":"WebSite","@id":"https:\/\/www.lagazel.com\/en\/#website","url":"https:\/\/www.lagazel.com\/en\/","name":"Lagazel","description":"Fabricant de lampe solaire pour l&#039;Afrique","publisher":{"@id":"https:\/\/www.lagazel.com\/en\/#organization"},"potentialAction":[{"@type":"SearchAction","target":{"@type":"EntryPoint","urlTemplate":"https:\/\/www.lagazel.com\/en\/?s={search_term_string}"},"query-input":{"@type":"PropertyValueSpecification","valueRequired":true,"valueName":"search_term_string"}}],"inLanguage":"en-US"},{"@type":"Organization","@id":"https:\/\/www.lagazel.com\/en\/#organization","name":"Lagazel","url":"https:\/\/www.lagazel.com\/en\/","logo":{"@type":"ImageObject","inLanguage":"en-US","@id":"https:\/\/www.lagazel.com\/en\/#\/schema\/logo\/image\/","url":"https:\/\/www.lagazel.com\/wp-content\/uploads\/2018\/05\/lagazel-lampe-solaire-logo-grand.png","contentUrl":"https:\/\/www.lagazel.com\/wp-content\/uploads\/2018\/05\/lagazel-lampe-solaire-logo-grand.png","width":170,"height":153,"caption":"Lagazel"},"image":{"@id":"https:\/\/www.lagazel.com\/en\/#\/schema\/logo\/image\/"}}]}},"_links":{"self":[{"href":"https:\/\/www.lagazel.com\/en\/wp-json\/wp\/v2\/pages\/2695","targetHints":{"allow":["GET"]}}],"collection":[{"href":"https:\/\/www.lagazel.com\/en\/wp-json\/wp\/v2\/pages"}],"about":[{"href":"https:\/\/www.lagazel.com\/en\/wp-json\/wp\/v2\/types\/page"}],"author":[{"embeddable":true,"href":"https:\/\/www.lagazel.com\/en\/wp-json\/wp\/v2\/users\/2"}],"replies":[{"embeddable":true,"href":"https:\/\/www.lagazel.com\/en\/wp-json\/wp\/v2\/comments?post=2695"}],"version-history":[{"count":0,"href":"https:\/\/www.lagazel.com\/en\/wp-json\/wp\/v2\/pages\/2695\/revisions"}],"wp:attachment":[{"href":"https:\/\/www.lagazel.com\/en\/wp-json\/wp\/v2\/media?parent=2695"}],"curies":[{"name":"wp","href":"https:\/\/api.w.org\/{rel}","templated":true}]}}