{"id":4518,"date":"2021-11-23T12:09:43","date_gmt":"2021-11-23T11:09:43","guid":{"rendered":"https:\/\/www.lagazel.com\/communique-de-presse-septembre-2020-lagazel\/"},"modified":"2021-11-23T12:29:01","modified_gmt":"2021-11-23T11:29:01","slug":"communique-de-presse-septembre-2020-lagazel","status":"publish","type":"page","link":"https:\/\/www.lagazel.com\/en\/communique-de-presse-septembre-2020-lagazel\/","title":{"rendered":"Communiqu\u00e9 de Presse septembre 2020 &#8211; Lagazel"},"content":{"rendered":"<p><div class=\"fusion-fullwidth fullwidth-box fusion-builder-row-1 hundred-percent-fullwidth non-hundred-percent-height-scrolling\" style=\"background-color: rgba(66,75,94,0.08);background-position: center center;background-repeat: no-repeat;padding-top:0px;padding-right:8%;padding-bottom:0px;padding-left:8%;margin-bottom: 0px;margin-top: 0px;border-width: 0px 0px 0px 0px;border-color:#eae9e9;border-style:solid;\" ><div class=\"fusion-builder-row fusion-row\"><div class=\"fusion-layout-column fusion_builder_column fusion-builder-column-0 fusion_builder_column_1_1 1_1 fusion-one-full fusion-column-first fusion-column-last\" style=\"margin-top:5%;margin-bottom:5%;\"><div class=\"fusion-column-wrapper fusion-flex-column-wrapper-legacy\" style=\"background-position:left top;background-repeat:no-repeat;-webkit-background-size:cover;-moz-background-size:cover;-o-background-size:cover;background-size:cover;padding: 0px 8% 0px 8%;\"><div class=\"fusion-text fusion-text-1\"><h1 style=\"text-align: center; text-transform: uppercase; color: rgba(77,86,98,0.65);\">PRESS <span style=\"color: #212121;\">RELEASE<\/span><\/h1>\n<\/div><div class=\"fusion-clearfix\"><\/div><\/div><\/div><\/div><\/div><div class=\"fusion-fullwidth fullwidth-box fusion-builder-row-2 fusion-flex-container nonhundred-percent-fullwidth non-hundred-percent-height-scrolling\" style=\"background-color: rgba(255,255,255,0);background-position: center center;background-repeat: no-repeat;border-width: 0px 0px 0px 0px;border-color:#eae9e9;border-style:solid;\" ><div class=\"fusion-builder-row fusion-row fusion-flex-align-items-flex-start\" style=\"max-width:1352px;margin-left: calc(-4% \/ 2 );margin-right: calc(-4% \/ 2 );\"><div class=\"fusion-layout-column fusion_builder_column fusion-builder-column-1 fusion_builder_column_1_1 1_1 fusion-flex-column\"><div class=\"fusion-column-wrapper fusion-flex-justify-content-flex-start fusion-content-layout-column\" style=\"background-position:left top;background-repeat:no-repeat;-webkit-background-size:cover;-moz-background-size:cover;-o-background-size:cover;background-size:cover;padding: 0px 0px 0px 0px;\"><div class=\"fusion-blog-shortcode fusion-blog-shortcode-1 fusion-blog-archive fusion-blog-layout-medium fusion-blog-pagination\"><div class=\"fusion-posts-container fusion-posts-container-pagination\" data-pages=\"1\"><article id=\"blog-1-post-6051\" class=\"fusion-post-medium post-6051 post type-post status-publish format-standard has-post-thumbnail hentry category-press-release\">\n\t<style type=\"text\/css\">\n\t\t\n\t\t\n\t\t\n\t\t\n\t\t\t<\/style>\n\n\n\t\t\t<div class=\"fusion-flexslider flexslider fusion-flexslider-loading fusion-post-slideshow\" style=\"\">\n\t\t<ul class=\"slides\">\n\t\t\t\n\t\t\t\t\t\t\t\t\t\t\t\t\t\t<li><div  class=\"fusion-image-wrapper fusion-image-size-fixed\" aria-haspopup=\"true\">\n\t\t\t\t  \t\t\t<a href=\"https:\/\/www.lagazel.com\/en\/lagazel-inaugurates-its-third-workshop-of-solar-lamps-and-solar-home-systems-in-thies-senegal\/\" aria-label=\"LAGAZEL inaugurates its third workshop of solar lamps and solar stations in Thi\u00e8s, Senegal\">\n\t\t\t\t\t\t\t<img decoding=\"async\" width=\"320\" height=\"202\" data-src=\"https:\/\/www.lagazel.com\/wp-content\/uploads\/2022\/11\/DSC_1989-320x202.jpg\" class=\"attachment-blog-medium size-blog-medium wp-post-image lazyload\" alt=\"\" data-srcset=\"https:\/\/www.lagazel.com\/wp-content\/uploads\/2022\/11\/DSC_1989-320x202.jpg 320w, https:\/\/www.lagazel.com\/wp-content\/uploads\/2022\/11\/DSC_1989-700x441.jpg 700w\" data-sizes=\"(max-width: 320px) 100vw, 320px\" src=\"data:image\/gif;base64,R0lGODlhAQABAAAAACH5BAEKAAEALAAAAAABAAEAAAICTAEAOw==\" style=\"--smush-placeholder-width: 320px; --smush-placeholder-aspect-ratio: 320\/202;\" \/>\t\t\t<\/a>\n\t\t\t\t\t\t\t\t<\/div>\n<\/li>\n\t\t\t\n\t\t\t\n\t\t\t\t\t\t\t\t\t\t\t\n\t\t\t\t\t\n\t\t\t\t\t\t\t\t\t\t\t<li>\n\t\t\t\t\t\t\t<div class=\"fusion-image-wrapper\">\n\t\t\t\t\t\t\t\t<a href=\"https:\/\/www.lagazel.com\/en\/lagazel-inaugurates-its-third-workshop-of-solar-lamps-and-solar-home-systems-in-thies-senegal\/\" aria-label=\"LAGAZEL inaugurates its third workshop of solar lamps and solar stations in Thi\u00e8s, Senegal\">\n\t\t\t\t\t\t\t\t\t<img decoding=\"async\" width=\"320\" height=\"202\" data-src=\"https:\/\/www.lagazel.com\/wp-content\/uploads\/2022\/11\/DSC_1967-320x202.jpg\" alt=\"\" class=\"wp-image-6056 lazyload\" role=\"presentation\" data-srcset=\"https:\/\/www.lagazel.com\/wp-content\/uploads\/2022\/11\/DSC_1967-320x202.jpg 320w, https:\/\/www.lagazel.com\/wp-content\/uploads\/2022\/11\/DSC_1967-700x441.jpg 700w\" data-sizes=\"(max-width: 320px) 100vw, 320px\" src=\"data:image\/gif;base64,R0lGODlhAQABAAAAACH5BAEKAAEALAAAAAABAAEAAAICTAEAOw==\" style=\"--smush-placeholder-width: 320px; --smush-placeholder-aspect-ratio: 320\/202;\" \/>\t\t\t\t\t\t\t\t<\/a>\n\t\t\t\t\t\t\t\t<a style=\"display:none;\" href=\"https:\/\/www.lagazel.com\/wp-content\/uploads\/2022\/11\/DSC_1967-scaled.jpg\" data-rel=\"iLightbox[gallery6051]\"  title=\"\" data-title=\"DSC_1967\" data-caption=\"\">\n\t\t\t\t\t\t\t\t\t\t\t\t\t\t\t\t\t<\/a>\n\t\t\t\t\t\t\t<\/div>\n\t\t\t\t\t\t<\/li>\n\t\t\t\t\t\t\t\t\t\t\t\t\t\t\t\t\t\t\t\t\t\t\t\t\n\t\t\t\t\t\n\t\t\t\t\t\t\t\t\t\t\t<li>\n\t\t\t\t\t\t\t<div class=\"fusion-image-wrapper\">\n\t\t\t\t\t\t\t\t<a href=\"https:\/\/www.lagazel.com\/en\/lagazel-inaugurates-its-third-workshop-of-solar-lamps-and-solar-home-systems-in-thies-senegal\/\" aria-label=\"LAGAZEL inaugurates its third workshop of solar lamps and solar stations in Thi\u00e8s, Senegal\">\n\t\t\t\t\t\t\t\t\t<img decoding=\"async\" width=\"320\" height=\"202\" data-src=\"https:\/\/www.lagazel.com\/wp-content\/uploads\/2022\/11\/DSC_1796-320x202.jpg\" alt=\"\" class=\"wp-image-6058 lazyload\" role=\"presentation\" data-srcset=\"https:\/\/www.lagazel.com\/wp-content\/uploads\/2022\/11\/DSC_1796-320x202.jpg 320w, https:\/\/www.lagazel.com\/wp-content\/uploads\/2022\/11\/DSC_1796-700x441.jpg 700w\" data-sizes=\"(max-width: 320px) 100vw, 320px\" src=\"data:image\/gif;base64,R0lGODlhAQABAAAAACH5BAEKAAEALAAAAAABAAEAAAICTAEAOw==\" style=\"--smush-placeholder-width: 320px; --smush-placeholder-aspect-ratio: 320\/202;\" \/>\t\t\t\t\t\t\t\t<\/a>\n\t\t\t\t\t\t\t\t<a style=\"display:none;\" href=\"https:\/\/www.lagazel.com\/wp-content\/uploads\/2022\/11\/DSC_1796-scaled.jpg\" data-rel=\"iLightbox[gallery6051]\"  title=\"\" data-title=\"DSC_1796\" data-caption=\"\">\n\t\t\t\t\t\t\t\t\t\t\t\t\t\t\t\t\t<\/a>\n\t\t\t\t\t\t\t<\/div>\n\t\t\t\t\t\t<\/li>\n\t\t\t\t\t\t\t\t\t\t\t\t\t\t\t\t\t\t\t\t\t\t\t\t\n\t\t\t\t\t\n\t\t\t\t\t\t\t\t\t\t\t<li>\n\t\t\t\t\t\t\t<div class=\"fusion-image-wrapper\">\n\t\t\t\t\t\t\t\t<a href=\"https:\/\/www.lagazel.com\/en\/lagazel-inaugurates-its-third-workshop-of-solar-lamps-and-solar-home-systems-in-thies-senegal\/\" aria-label=\"LAGAZEL inaugurates its third workshop of solar lamps and solar stations in Thi\u00e8s, Senegal\">\n\t\t\t\t\t\t\t\t\t<img decoding=\"async\" width=\"320\" height=\"202\" data-src=\"https:\/\/www.lagazel.com\/wp-content\/uploads\/2022\/11\/DSC_1829-320x202.jpg\" alt=\"\" class=\"wp-image-6060 lazyload\" role=\"presentation\" data-srcset=\"https:\/\/www.lagazel.com\/wp-content\/uploads\/2022\/11\/DSC_1829-320x202.jpg 320w, https:\/\/www.lagazel.com\/wp-content\/uploads\/2022\/11\/DSC_1829-700x441.jpg 700w\" data-sizes=\"(max-width: 320px) 100vw, 320px\" src=\"data:image\/gif;base64,R0lGODlhAQABAAAAACH5BAEKAAEALAAAAAABAAEAAAICTAEAOw==\" style=\"--smush-placeholder-width: 320px; --smush-placeholder-aspect-ratio: 320\/202;\" \/>\t\t\t\t\t\t\t\t<\/a>\n\t\t\t\t\t\t\t\t<a style=\"display:none;\" href=\"https:\/\/www.lagazel.com\/wp-content\/uploads\/2022\/11\/DSC_1829-scaled.jpg\" data-rel=\"iLightbox[gallery6051]\"  title=\"\" data-title=\"DSC_1829\" data-caption=\"\">\n\t\t\t\t\t\t\t\t\t\t\t\t\t\t\t\t\t<\/a>\n\t\t\t\t\t\t\t<\/div>\n\t\t\t\t\t\t<\/li>\n\t\t\t\t\t\t\t\t\t\t\t\t\t\t\t\t\t\t\t\t\t\t\t\t\n\t\t\t\t\t\n\t\t\t\t\t\t\t\t\t\t\t<li>\n\t\t\t\t\t\t\t<div class=\"fusion-image-wrapper\">\n\t\t\t\t\t\t\t\t<a href=\"https:\/\/www.lagazel.com\/en\/lagazel-inaugurates-its-third-workshop-of-solar-lamps-and-solar-home-systems-in-thies-senegal\/\" aria-label=\"LAGAZEL inaugurates its third workshop of solar lamps and solar stations in Thi\u00e8s, Senegal\">\n\t\t\t\t\t\t\t\t\t<img decoding=\"async\" width=\"320\" height=\"202\" data-src=\"https:\/\/www.lagazel.com\/wp-content\/uploads\/2022\/11\/DSC_1840-320x202.jpg\" alt=\"\" class=\"wp-image-6062 lazyload\" role=\"presentation\" data-srcset=\"https:\/\/www.lagazel.com\/wp-content\/uploads\/2022\/11\/DSC_1840-320x202.jpg 320w, https:\/\/www.lagazel.com\/wp-content\/uploads\/2022\/11\/DSC_1840-700x441.jpg 700w\" data-sizes=\"(max-width: 320px) 100vw, 320px\" src=\"data:image\/gif;base64,R0lGODlhAQABAAAAACH5BAEKAAEALAAAAAABAAEAAAICTAEAOw==\" style=\"--smush-placeholder-width: 320px; --smush-placeholder-aspect-ratio: 320\/202;\" \/>\t\t\t\t\t\t\t\t<\/a>\n\t\t\t\t\t\t\t\t<a style=\"display:none;\" href=\"https:\/\/www.lagazel.com\/wp-content\/uploads\/2022\/11\/DSC_1840-scaled.jpg\" data-rel=\"iLightbox[gallery6051]\"  title=\"\" data-title=\"DSC_1840\" data-caption=\"\">\n\t\t\t\t\t\t\t\t\t\t\t\t\t\t\t\t\t<\/a>\n\t\t\t\t\t\t\t<\/div>\n\t\t\t\t\t\t<\/li>\n\t\t\t\t\t\t\t\t\t\t\t\t\t\t\t\t\t\t\t\t\t<\/ul>\n\t<\/div>\n\t<div class=\"fusion-post-content post-content\"><h2 class=\"blog-shortcode-post-title entry-title\"><a href=\"https:\/\/www.lagazel.com\/en\/lagazel-inaugurates-its-third-workshop-of-solar-lamps-and-solar-home-systems-in-thies-senegal\/\">LAGAZEL inaugurates its third workshop of solar lamps and solar stations in Thi\u00e8s, Senegal<\/a><\/h2><div class=\"fusion-post-content-container\"><p>Thies, November 16, 2022 \u00a0 Six years ago, Lagazel launched its first solar lamp manufacturing workshop in Burkina Faso. After a first replication of the workshop in Benin in 2021, Lagazel is inaugurating its third workshop in Thi\u00e8s, Senegal, this Wednesday, November 16, in partnership with the PROMESS Training, Application and Incubation Center for Renewable Energy Professions and under the [...]<\/p><\/div><\/div><div class=\"fusion-clearfix\"><\/div><div class=\"fusion-meta-info\"><div class=\"fusion-alignleft\"><span class=\"vcard\" style=\"display: none;\"><span class=\"fn\"><a href=\"https:\/\/www.lagazel.com\/en\/author\/alteor\/\" title=\"Posts by St\u00e9phany Bonnard\" rel=\"author\">St\u00e9phany Bonnard<\/a><\/span><\/span><span class=\"updated\" style=\"display:none;\">2023-02-13T15:04:04+01:00<\/span><span>16 November - 2022<\/span><span class=\"fusion-inline-sep\">|<\/span><a href=\"https:\/\/www.lagazel.com\/en\/press-release\/\" rel=\"category tag\">Press release<\/a><span class=\"fusion-inline-sep\">|<\/span><\/div><div class=\"fusion-alignright\"><a class=\"fusion-read-more\" href=\"https:\/\/www.lagazel.com\/en\/lagazel-inaugurates-its-third-workshop-of-solar-lamps-and-solar-home-systems-in-thies-senegal\/\" aria-label=\"More on LAGAZEL inaugurates its third workshop of solar lamps and solar stations in Thi\u00e8s, Senegal\">Read More<\/a><\/div><\/div><\/article>\n<\/div><\/div><\/div><style type=\"text\/css\">.fusion-body .fusion-builder-column-1{width:100% !important;margin-top : 0px;margin-bottom : 20px;}.fusion-builder-column-1 > .fusion-column-wrapper {padding-top : 0px !important;padding-right : 0px !important;margin-right : 1.92%;padding-bottom : 0px !important;padding-left : 0px !important;margin-left : 1.92%;}@media only screen and (max-width:1024px) {.fusion-body .fusion-builder-column-1{width:100% !important;order : 0;}.fusion-builder-column-1 > .fusion-column-wrapper {margin-right : 1.92%;margin-left : 1.92%;}}@media only screen and (max-width:640px) {.fusion-body .fusion-builder-column-1{width:100% !important;order : 0;}.fusion-builder-column-1 > .fusion-column-wrapper {margin-right : 1.92%;margin-left : 1.92%;}}<\/style><\/div><\/div><style type=\"text\/css\">.fusion-body .fusion-flex-container.fusion-builder-row-2{ padding-top : 0px;margin-top : 5%;padding-right : 0px;padding-bottom : 0px;margin-bottom : 0px;padding-left : 0px;}<\/style><\/div><div class=\"fusion-fullwidth fullwidth-box fusion-builder-row-3 hundred-percent-fullwidth non-hundred-percent-height-scrolling\" style=\"background-color: #333333;background-position: center center;background-repeat: no-repeat;padding-top:1%;padding-right:0px;padding-bottom:1%;padding-left:0px;margin-bottom: -3px;margin-top: 0px;border-width: 0px 0px 0px 0px;border-color:#eae9e9;border-style:solid;\" ><div class=\"fusion-builder-row fusion-row\"><\/div><\/div>\n<\/p>\n","protected":false},"excerpt":{"rendered":"","protected":false},"author":2,"featured_media":0,"parent":0,"menu_order":0,"comment_status":"closed","ping_status":"closed","template":"100-width.php","meta":{"om_disable_all_campaigns":false,"_monsterinsights_skip_tracking":false,"_monsterinsights_sitenote_active":false,"_monsterinsights_sitenote_note":"","_monsterinsights_sitenote_category":0,"footnotes":""},"class_list":["post-4518","page","type-page","status-publish","hentry"],"aioseo_notices":[],"yoast_head":"<!-- This site is optimized with the Yoast SEO plugin v24.9 - https:\/\/yoast.com\/wordpress\/plugins\/seo\/ -->\n<title>Communiqu\u00e9s de presse - Lagazel<\/title>\n<meta name=\"description\" content=\"Journalistes, retrouvez les communiqu\u00e9s de presse de Lagazel. Un projet d&#039;article sur un projet d&#039;\u00e9clairage solaire et solidaire en Afrique ? Contactez nos \u00e9quipes !\" \/>\n<meta name=\"robots\" content=\"index, follow, max-snippet:-1, max-image-preview:large, max-video-preview:-1\" \/>\n<link rel=\"canonical\" href=\"https:\/\/www.lagazel.com\/en\/communique-de-presse-septembre-2020-lagazel\/\" \/>\n<meta property=\"og:locale\" content=\"en_US\" \/>\n<meta property=\"og:type\" content=\"article\" \/>\n<meta property=\"og:title\" content=\"Communiqu\u00e9s de presse - Lagazel\" \/>\n<meta property=\"og:description\" content=\"Journalistes, retrouvez les communiqu\u00e9s de presse de Lagazel. Un projet d&#039;article sur un projet d&#039;\u00e9clairage solaire et solidaire en Afrique ? Contactez nos \u00e9quipes !\" \/>\n<meta property=\"og:url\" content=\"https:\/\/www.lagazel.com\/en\/communique-de-presse-septembre-2020-lagazel\/\" \/>\n<meta property=\"og:site_name\" content=\"Lagazel\" \/>\n<meta property=\"article:modified_time\" content=\"2021-11-23T11:29:01+00:00\" \/>\n<meta name=\"twitter:card\" content=\"summary_large_image\" \/>\n<meta name=\"twitter:label1\" content=\"Est. reading time\" \/>\n\t<meta name=\"twitter:data1\" content=\"5 minutes\" \/>\n<script type=\"application\/ld+json\" class=\"yoast-schema-graph\">{\"@context\":\"https:\/\/schema.org\",\"@graph\":[{\"@type\":\"WebPage\",\"@id\":\"https:\/\/www.lagazel.com\/en\/communique-de-presse-septembre-2020-lagazel\/\",\"url\":\"https:\/\/www.lagazel.com\/en\/communique-de-presse-septembre-2020-lagazel\/\",\"name\":\"Communiqu\u00e9s de presse - Lagazel\",\"isPartOf\":{\"@id\":\"https:\/\/www.lagazel.com\/en\/#website\"},\"datePublished\":\"2021-11-23T11:09:43+00:00\",\"dateModified\":\"2021-11-23T11:29:01+00:00\",\"description\":\"Journalistes, retrouvez les communiqu\u00e9s de presse de Lagazel. Un projet d'article sur un projet d'\u00e9clairage solaire et solidaire en Afrique ? Contactez nos \u00e9quipes !\",\"breadcrumb\":{\"@id\":\"https:\/\/www.lagazel.com\/en\/communique-de-presse-septembre-2020-lagazel\/#breadcrumb\"},\"inLanguage\":\"en-US\",\"potentialAction\":[{\"@type\":\"ReadAction\",\"target\":[\"https:\/\/www.lagazel.com\/en\/communique-de-presse-septembre-2020-lagazel\/\"]}]},{\"@type\":\"BreadcrumbList\",\"@id\":\"https:\/\/www.lagazel.com\/en\/communique-de-presse-septembre-2020-lagazel\/#breadcrumb\",\"itemListElement\":[{\"@type\":\"ListItem\",\"position\":1,\"name\":\"Home\",\"item\":\"https:\/\/www.lagazel.com\/en\/\"},{\"@type\":\"ListItem\",\"position\":2,\"name\":\"Presse\"}]},{\"@type\":\"WebSite\",\"@id\":\"https:\/\/www.lagazel.com\/en\/#website\",\"url\":\"https:\/\/www.lagazel.com\/en\/\",\"name\":\"Lagazel\",\"description\":\"Fabricant de lampe solaire pour l&#039;Afrique\",\"publisher\":{\"@id\":\"https:\/\/www.lagazel.com\/en\/#organization\"},\"potentialAction\":[{\"@type\":\"SearchAction\",\"target\":{\"@type\":\"EntryPoint\",\"urlTemplate\":\"https:\/\/www.lagazel.com\/en\/?s={search_term_string}\"},\"query-input\":{\"@type\":\"PropertyValueSpecification\",\"valueRequired\":true,\"valueName\":\"search_term_string\"}}],\"inLanguage\":\"en-US\"},{\"@type\":\"Organization\",\"@id\":\"https:\/\/www.lagazel.com\/en\/#organization\",\"name\":\"Lagazel\",\"url\":\"https:\/\/www.lagazel.com\/en\/\",\"logo\":{\"@type\":\"ImageObject\",\"inLanguage\":\"en-US\",\"@id\":\"https:\/\/www.lagazel.com\/en\/#\/schema\/logo\/image\/\",\"url\":\"https:\/\/www.lagazel.com\/wp-content\/uploads\/2018\/05\/lagazel-lampe-solaire-logo-grand.png\",\"contentUrl\":\"https:\/\/www.lagazel.com\/wp-content\/uploads\/2018\/05\/lagazel-lampe-solaire-logo-grand.png\",\"width\":170,\"height\":153,\"caption\":\"Lagazel\"},\"image\":{\"@id\":\"https:\/\/www.lagazel.com\/en\/#\/schema\/logo\/image\/\"}}]}<\/script>\n<!-- \/ Yoast SEO plugin. -->","yoast_head_json":{"title":"Communiqu\u00e9s de presse - Lagazel","description":"Journalistes, retrouvez les communiqu\u00e9s de presse de Lagazel. Un projet d'article sur un projet d'\u00e9clairage solaire et solidaire en Afrique ? Contactez nos \u00e9quipes !","robots":{"index":"index","follow":"follow","max-snippet":"max-snippet:-1","max-image-preview":"max-image-preview:large","max-video-preview":"max-video-preview:-1"},"canonical":"https:\/\/www.lagazel.com\/en\/communique-de-presse-septembre-2020-lagazel\/","og_locale":"en_US","og_type":"article","og_title":"Communiqu\u00e9s de presse - Lagazel","og_description":"Journalistes, retrouvez les communiqu\u00e9s de presse de Lagazel. Un projet d'article sur un projet d'\u00e9clairage solaire et solidaire en Afrique ? Contactez nos \u00e9quipes !","og_url":"https:\/\/www.lagazel.com\/en\/communique-de-presse-septembre-2020-lagazel\/","og_site_name":"Lagazel","article_modified_time":"2021-11-23T11:29:01+00:00","twitter_card":"summary_large_image","twitter_misc":{"Est. reading time":"5 minutes"},"schema":{"@context":"https:\/\/schema.org","@graph":[{"@type":"WebPage","@id":"https:\/\/www.lagazel.com\/en\/communique-de-presse-septembre-2020-lagazel\/","url":"https:\/\/www.lagazel.com\/en\/communique-de-presse-septembre-2020-lagazel\/","name":"Communiqu\u00e9s de presse - Lagazel","isPartOf":{"@id":"https:\/\/www.lagazel.com\/en\/#website"},"datePublished":"2021-11-23T11:09:43+00:00","dateModified":"2021-11-23T11:29:01+00:00","description":"Journalistes, retrouvez les communiqu\u00e9s de presse de Lagazel. Un projet d'article sur un projet d'\u00e9clairage solaire et solidaire en Afrique ? Contactez nos \u00e9quipes !","breadcrumb":{"@id":"https:\/\/www.lagazel.com\/en\/communique-de-presse-septembre-2020-lagazel\/#breadcrumb"},"inLanguage":"en-US","potentialAction":[{"@type":"ReadAction","target":["https:\/\/www.lagazel.com\/en\/communique-de-presse-septembre-2020-lagazel\/"]}]},{"@type":"BreadcrumbList","@id":"https:\/\/www.lagazel.com\/en\/communique-de-presse-septembre-2020-lagazel\/#breadcrumb","itemListElement":[{"@type":"ListItem","position":1,"name":"Home","item":"https:\/\/www.lagazel.com\/en\/"},{"@type":"ListItem","position":2,"name":"Presse"}]},{"@type":"WebSite","@id":"https:\/\/www.lagazel.com\/en\/#website","url":"https:\/\/www.lagazel.com\/en\/","name":"Lagazel","description":"Fabricant de lampe solaire pour l&#039;Afrique","publisher":{"@id":"https:\/\/www.lagazel.com\/en\/#organization"},"potentialAction":[{"@type":"SearchAction","target":{"@type":"EntryPoint","urlTemplate":"https:\/\/www.lagazel.com\/en\/?s={search_term_string}"},"query-input":{"@type":"PropertyValueSpecification","valueRequired":true,"valueName":"search_term_string"}}],"inLanguage":"en-US"},{"@type":"Organization","@id":"https:\/\/www.lagazel.com\/en\/#organization","name":"Lagazel","url":"https:\/\/www.lagazel.com\/en\/","logo":{"@type":"ImageObject","inLanguage":"en-US","@id":"https:\/\/www.lagazel.com\/en\/#\/schema\/logo\/image\/","url":"https:\/\/www.lagazel.com\/wp-content\/uploads\/2018\/05\/lagazel-lampe-solaire-logo-grand.png","contentUrl":"https:\/\/www.lagazel.com\/wp-content\/uploads\/2018\/05\/lagazel-lampe-solaire-logo-grand.png","width":170,"height":153,"caption":"Lagazel"},"image":{"@id":"https:\/\/www.lagazel.com\/en\/#\/schema\/logo\/image\/"}}]}},"_links":{"self":[{"href":"https:\/\/www.lagazel.com\/en\/wp-json\/wp\/v2\/pages\/4518","targetHints":{"allow":["GET"]}}],"collection":[{"href":"https:\/\/www.lagazel.com\/en\/wp-json\/wp\/v2\/pages"}],"about":[{"href":"https:\/\/www.lagazel.com\/en\/wp-json\/wp\/v2\/types\/page"}],"author":[{"embeddable":true,"href":"https:\/\/www.lagazel.com\/en\/wp-json\/wp\/v2\/users\/2"}],"replies":[{"embeddable":true,"href":"https:\/\/www.lagazel.com\/en\/wp-json\/wp\/v2\/comments?post=4518"}],"version-history":[{"count":0,"href":"https:\/\/www.lagazel.com\/en\/wp-json\/wp\/v2\/pages\/4518\/revisions"}],"wp:attachment":[{"href":"https:\/\/www.lagazel.com\/en\/wp-json\/wp\/v2\/media?parent=4518"}],"curies":[{"name":"wp","href":"https:\/\/api.w.org\/{rel}","templated":true}]}}