{"id":4133,"date":"2021-10-05T12:02:09","date_gmt":"2021-10-05T10:02:16","guid":{"rendered":"https:\/\/www.lagazel.com\/?post_type=product&#038;p=4133"},"modified":"2022-09-15T17:08:07","modified_gmt":"2022-09-15T15:08:07","slug":"ampoules-a-culot","status":"publish","type":"product","link":"https:\/\/www.lagazel.com\/en\/boutique\/ampoules-a-culot\/","title":{"rendered":"Wedge base light bulb"},"content":{"rendered":"","protected":false},"excerpt":{"rendered":"<div><\/div>\n<hr \/>\n<p>Product variants are available upon request: light bulb without lampshade, other colour temperatures, other lumen outputs.<\/p>\n<p><strong>Advantages:<\/strong><\/p>\n<ul>\n<li>Free solar energy<\/li>\n<li>Reparable<\/li>\n<li>Up to 550 lumens output<\/li>\n<li>175 lm\/W : high-efficiency<\/li>\n<li>E27 lamp cap<\/li>\n<li>50,000 hours lifespan<\/li>\n<li>Made in France and Africa<\/li>\n<\/ul>\n<div class=\"bloc-produit\"><\/div>\n<div class=\"text-light\" style=\"padding: 6px 10px 3px; background-color: #4d5662; margin-right: 5%;\">\n<p><img decoding=\"async\" style=\"--smush-placeholder-width: 40px; --smush-placeholder-aspect-ratio: 40\/34;margin-right: 15px; vertical-align: center; position: absolute;\" data-src=\"https:\/\/www.lagazel.com\/wp-content\/uploads\/2018\/11\/picto-produits-quantite.png\" alt=\"franc cfa\" width=\"40\" height=\"34\" src=\"data:image\/gif;base64,R0lGODlhAQABAAAAACH5BAEKAAEALAAAAAABAAEAAAICTAEAOw==\" class=\"lazyload\" \/><\/p>\n<p style=\"margin-left: 50px; color: #fff;\">High Volume Orders \u203a<a style=\"padding: 8px 5px; color: #fbba00;\" href=\"https:\/\/www.lagazel.com\/en\/demande-de-devis-personnalise\/\">Request a quote<\/a><\/p>\n<\/div>\n<div class=\"text-light\" style=\"padding: 6px 10px 3px; background-color: #333; margin-right: 5%;\">\n<p><img decoding=\"async\" style=\"--smush-placeholder-width: 40px; --smush-placeholder-aspect-ratio: 40\/34;margin-right: 15px; vertical-align: center; position: absolute;\" data-src=\"https:\/\/www.lagazel.com\/wp-content\/uploads\/2018\/11\/franc-cfa-2.png\" alt=\"franc cfa\" width=\"40\" height=\"34\" src=\"data:image\/gif;base64,R0lGODlhAQABAAAAACH5BAEKAAEALAAAAAABAAEAAAICTAEAOw==\" class=\"lazyload\" \/><\/p>\n<p style=\"margin-left: 50px; color: #fff;\">Buy in Africa \u203a<a style=\"padding: 8px 5px; color: #fbba00;\" href=\"https:\/\/www.lagazel.com\/en\/demande-de-devis-personnalise\/\">Request a quote<\/a><\/p>\n<\/div>\n","protected":false},"featured_media":4861,"template":"","meta":{"om_disable_all_campaigns":false,"_monsterinsights_skip_tracking":false,"_monsterinsights_sitenote_active":false,"_monsterinsights_sitenote_note":"","_monsterinsights_sitenote_category":0},"product_brand":[],"product_cat":[20],"product_tag":[],"class_list":{"0":"post-4133","1":"product","2":"type-product","3":"status-publish","4":"has-post-thumbnail","6":"product_cat-non-classifiee","8":"first","9":"instock","10":"taxable","11":"shipping-taxable","12":"product-type-simple"},"aioseo_notices":[],"yoast_head":"<!-- This site is optimized with the Yoast SEO plugin v24.9 - https:\/\/yoast.com\/wordpress\/plugins\/seo\/ -->\n<title>Wedge base light bulb - Lagazel<\/title>\n<meta name=\"description\" content=\"La premi\u00e8re lampe de poche solaire\u00a0compacte\u00a0fabriqu\u00e9 par Lagazel. Elle est \u00e9quip\u00e9e d&#039;un\u00a0panneau solaire\u00a0sur l&#039;arri\u00e8re du boitier en\u00a0m\u00e9tal ultra-r\u00e9sistant.\" \/>\n<meta name=\"robots\" content=\"index, follow, max-snippet:-1, max-image-preview:large, max-video-preview:-1\" \/>\n<link rel=\"canonical\" href=\"https:\/\/www.lagazel.com\/en\/boutique\/ampoules-a-culot\/\" \/>\n<meta property=\"og:locale\" content=\"en_US\" \/>\n<meta property=\"og:type\" content=\"article\" \/>\n<meta property=\"og:title\" content=\"Wedge base light bulb - Lagazel\" \/>\n<meta property=\"og:description\" content=\"La premi\u00e8re lampe de poche solaire\u00a0compacte\u00a0fabriqu\u00e9 par Lagazel. Elle est \u00e9quip\u00e9e d&#039;un\u00a0panneau solaire\u00a0sur l&#039;arri\u00e8re du boitier en\u00a0m\u00e9tal ultra-r\u00e9sistant.\" \/>\n<meta property=\"og:url\" content=\"https:\/\/www.lagazel.com\/en\/boutique\/ampoules-a-culot\/\" \/>\n<meta property=\"og:site_name\" content=\"Lagazel\" \/>\n<meta property=\"article:modified_time\" content=\"2022-09-15T15:08:07+00:00\" \/>\n<meta property=\"og:image\" content=\"https:\/\/www.lagazel.com\/wp-content\/uploads\/2021\/10\/ampoule-culot-1.jpg\" \/>\n\t<meta property=\"og:image:width\" content=\"768\" \/>\n\t<meta property=\"og:image:height\" content=\"710\" \/>\n\t<meta property=\"og:image:type\" content=\"image\/jpeg\" \/>\n<meta name=\"twitter:card\" content=\"summary_large_image\" \/>\n<script type=\"application\/ld+json\" class=\"yoast-schema-graph\">{\"@context\":\"https:\/\/schema.org\",\"@graph\":[{\"@type\":\"WebPage\",\"@id\":\"https:\/\/www.lagazel.com\/en\/boutique\/ampoules-a-culot\/\",\"url\":\"https:\/\/www.lagazel.com\/en\/boutique\/ampoules-a-culot\/\",\"name\":\"Wedge base light bulb - Lagazel\",\"isPartOf\":{\"@id\":\"https:\/\/www.lagazel.com\/en\/#website\"},\"primaryImageOfPage\":{\"@id\":\"https:\/\/www.lagazel.com\/en\/boutique\/ampoules-a-culot\/#primaryimage\"},\"image\":{\"@id\":\"https:\/\/www.lagazel.com\/en\/boutique\/ampoules-a-culot\/#primaryimage\"},\"thumbnailUrl\":\"https:\/\/www.lagazel.com\/wp-content\/uploads\/2021\/10\/ampoule-culot-1.jpg\",\"datePublished\":\"2021-10-05T10:02:16+00:00\",\"dateModified\":\"2022-09-15T15:08:07+00:00\",\"description\":\"La premi\u00e8re lampe de poche solaire\u00a0compacte\u00a0fabriqu\u00e9 par Lagazel. Elle est \u00e9quip\u00e9e d'un\u00a0panneau solaire\u00a0sur l'arri\u00e8re du boitier en\u00a0m\u00e9tal ultra-r\u00e9sistant.\",\"breadcrumb\":{\"@id\":\"https:\/\/www.lagazel.com\/en\/boutique\/ampoules-a-culot\/#breadcrumb\"},\"inLanguage\":\"en-US\",\"potentialAction\":[{\"@type\":\"ReadAction\",\"target\":[\"https:\/\/www.lagazel.com\/en\/boutique\/ampoules-a-culot\/\"]}]},{\"@type\":\"ImageObject\",\"inLanguage\":\"en-US\",\"@id\":\"https:\/\/www.lagazel.com\/en\/boutique\/ampoules-a-culot\/#primaryimage\",\"url\":\"https:\/\/www.lagazel.com\/wp-content\/uploads\/2021\/10\/ampoule-culot-1.jpg\",\"contentUrl\":\"https:\/\/www.lagazel.com\/wp-content\/uploads\/2021\/10\/ampoule-culot-1.jpg\",\"width\":768,\"height\":710},{\"@type\":\"BreadcrumbList\",\"@id\":\"https:\/\/www.lagazel.com\/en\/boutique\/ampoules-a-culot\/#breadcrumb\",\"itemListElement\":[{\"@type\":\"ListItem\",\"position\":1,\"name\":\"Home\",\"item\":\"https:\/\/www.lagazel.com\/en\/\"},{\"@type\":\"ListItem\",\"position\":2,\"name\":\"Products\",\"item\":\"https:\/\/www.lagazel.com\/en\/shop\/\"},{\"@type\":\"ListItem\",\"position\":3,\"name\":\"Wedge base light bulb\"}]},{\"@type\":\"WebSite\",\"@id\":\"https:\/\/www.lagazel.com\/en\/#website\",\"url\":\"https:\/\/www.lagazel.com\/en\/\",\"name\":\"Lagazel\",\"description\":\"Fabricant de lampe solaire pour l&#039;Afrique\",\"publisher\":{\"@id\":\"https:\/\/www.lagazel.com\/en\/#organization\"},\"potentialAction\":[{\"@type\":\"SearchAction\",\"target\":{\"@type\":\"EntryPoint\",\"urlTemplate\":\"https:\/\/www.lagazel.com\/en\/?s={search_term_string}\"},\"query-input\":{\"@type\":\"PropertyValueSpecification\",\"valueRequired\":true,\"valueName\":\"search_term_string\"}}],\"inLanguage\":\"en-US\"},{\"@type\":\"Organization\",\"@id\":\"https:\/\/www.lagazel.com\/en\/#organization\",\"name\":\"Lagazel\",\"url\":\"https:\/\/www.lagazel.com\/en\/\",\"logo\":{\"@type\":\"ImageObject\",\"inLanguage\":\"en-US\",\"@id\":\"https:\/\/www.lagazel.com\/en\/#\/schema\/logo\/image\/\",\"url\":\"https:\/\/www.lagazel.com\/wp-content\/uploads\/2018\/05\/lagazel-lampe-solaire-logo-grand.png\",\"contentUrl\":\"https:\/\/www.lagazel.com\/wp-content\/uploads\/2018\/05\/lagazel-lampe-solaire-logo-grand.png\",\"width\":170,\"height\":153,\"caption\":\"Lagazel\"},\"image\":{\"@id\":\"https:\/\/www.lagazel.com\/en\/#\/schema\/logo\/image\/\"}}]}<\/script>\n<!-- \/ Yoast SEO plugin. -->","yoast_head_json":{"title":"Wedge base light bulb - Lagazel","description":"La premi\u00e8re lampe de poche solaire\u00a0compacte\u00a0fabriqu\u00e9 par Lagazel. Elle est \u00e9quip\u00e9e d'un\u00a0panneau solaire\u00a0sur l'arri\u00e8re du boitier en\u00a0m\u00e9tal ultra-r\u00e9sistant.","robots":{"index":"index","follow":"follow","max-snippet":"max-snippet:-1","max-image-preview":"max-image-preview:large","max-video-preview":"max-video-preview:-1"},"canonical":"https:\/\/www.lagazel.com\/en\/boutique\/ampoules-a-culot\/","og_locale":"en_US","og_type":"article","og_title":"Wedge base light bulb - Lagazel","og_description":"La premi\u00e8re lampe de poche solaire\u00a0compacte\u00a0fabriqu\u00e9 par Lagazel. Elle est \u00e9quip\u00e9e d'un\u00a0panneau solaire\u00a0sur l'arri\u00e8re du boitier en\u00a0m\u00e9tal ultra-r\u00e9sistant.","og_url":"https:\/\/www.lagazel.com\/en\/boutique\/ampoules-a-culot\/","og_site_name":"Lagazel","article_modified_time":"2022-09-15T15:08:07+00:00","og_image":[{"width":768,"height":710,"url":"https:\/\/www.lagazel.com\/wp-content\/uploads\/2021\/10\/ampoule-culot-1.jpg","type":"image\/jpeg"}],"twitter_card":"summary_large_image","schema":{"@context":"https:\/\/schema.org","@graph":[{"@type":"WebPage","@id":"https:\/\/www.lagazel.com\/en\/boutique\/ampoules-a-culot\/","url":"https:\/\/www.lagazel.com\/en\/boutique\/ampoules-a-culot\/","name":"Wedge base light bulb - Lagazel","isPartOf":{"@id":"https:\/\/www.lagazel.com\/en\/#website"},"primaryImageOfPage":{"@id":"https:\/\/www.lagazel.com\/en\/boutique\/ampoules-a-culot\/#primaryimage"},"image":{"@id":"https:\/\/www.lagazel.com\/en\/boutique\/ampoules-a-culot\/#primaryimage"},"thumbnailUrl":"https:\/\/www.lagazel.com\/wp-content\/uploads\/2021\/10\/ampoule-culot-1.jpg","datePublished":"2021-10-05T10:02:16+00:00","dateModified":"2022-09-15T15:08:07+00:00","description":"La premi\u00e8re lampe de poche solaire\u00a0compacte\u00a0fabriqu\u00e9 par Lagazel. Elle est \u00e9quip\u00e9e d'un\u00a0panneau solaire\u00a0sur l'arri\u00e8re du boitier en\u00a0m\u00e9tal ultra-r\u00e9sistant.","breadcrumb":{"@id":"https:\/\/www.lagazel.com\/en\/boutique\/ampoules-a-culot\/#breadcrumb"},"inLanguage":"en-US","potentialAction":[{"@type":"ReadAction","target":["https:\/\/www.lagazel.com\/en\/boutique\/ampoules-a-culot\/"]}]},{"@type":"ImageObject","inLanguage":"en-US","@id":"https:\/\/www.lagazel.com\/en\/boutique\/ampoules-a-culot\/#primaryimage","url":"https:\/\/www.lagazel.com\/wp-content\/uploads\/2021\/10\/ampoule-culot-1.jpg","contentUrl":"https:\/\/www.lagazel.com\/wp-content\/uploads\/2021\/10\/ampoule-culot-1.jpg","width":768,"height":710},{"@type":"BreadcrumbList","@id":"https:\/\/www.lagazel.com\/en\/boutique\/ampoules-a-culot\/#breadcrumb","itemListElement":[{"@type":"ListItem","position":1,"name":"Home","item":"https:\/\/www.lagazel.com\/en\/"},{"@type":"ListItem","position":2,"name":"Products","item":"https:\/\/www.lagazel.com\/en\/shop\/"},{"@type":"ListItem","position":3,"name":"Wedge base light bulb"}]},{"@type":"WebSite","@id":"https:\/\/www.lagazel.com\/en\/#website","url":"https:\/\/www.lagazel.com\/en\/","name":"Lagazel","description":"Fabricant de lampe solaire pour l&#039;Afrique","publisher":{"@id":"https:\/\/www.lagazel.com\/en\/#organization"},"potentialAction":[{"@type":"SearchAction","target":{"@type":"EntryPoint","urlTemplate":"https:\/\/www.lagazel.com\/en\/?s={search_term_string}"},"query-input":{"@type":"PropertyValueSpecification","valueRequired":true,"valueName":"search_term_string"}}],"inLanguage":"en-US"},{"@type":"Organization","@id":"https:\/\/www.lagazel.com\/en\/#organization","name":"Lagazel","url":"https:\/\/www.lagazel.com\/en\/","logo":{"@type":"ImageObject","inLanguage":"en-US","@id":"https:\/\/www.lagazel.com\/en\/#\/schema\/logo\/image\/","url":"https:\/\/www.lagazel.com\/wp-content\/uploads\/2018\/05\/lagazel-lampe-solaire-logo-grand.png","contentUrl":"https:\/\/www.lagazel.com\/wp-content\/uploads\/2018\/05\/lagazel-lampe-solaire-logo-grand.png","width":170,"height":153,"caption":"Lagazel"},"image":{"@id":"https:\/\/www.lagazel.com\/en\/#\/schema\/logo\/image\/"}}]}},"_links":{"self":[{"href":"https:\/\/www.lagazel.com\/en\/wp-json\/wp\/v2\/product\/4133","targetHints":{"allow":["GET"]}}],"collection":[{"href":"https:\/\/www.lagazel.com\/en\/wp-json\/wp\/v2\/product"}],"about":[{"href":"https:\/\/www.lagazel.com\/en\/wp-json\/wp\/v2\/types\/product"}],"wp:featuredmedia":[{"embeddable":true,"href":"https:\/\/www.lagazel.com\/en\/wp-json\/wp\/v2\/media\/4861"}],"wp:attachment":[{"href":"https:\/\/www.lagazel.com\/en\/wp-json\/wp\/v2\/media?parent=4133"}],"wp:term":[{"taxonomy":"product_brand","embeddable":true,"href":"https:\/\/www.lagazel.com\/en\/wp-json\/wp\/v2\/product_brand?post=4133"},{"taxonomy":"product_cat","embeddable":true,"href":"https:\/\/www.lagazel.com\/en\/wp-json\/wp\/v2\/product_cat?post=4133"},{"taxonomy":"product_tag","embeddable":true,"href":"https:\/\/www.lagazel.com\/en\/wp-json\/wp\/v2\/product_tag?post=4133"}],"curies":[{"name":"wp","href":"https:\/\/api.w.org\/{rel}","templated":true}]}}