{"id":5087,"date":"2022-04-20T12:55:16","date_gmt":"2022-04-20T10:55:23","guid":{"rendered":"https:\/\/www.lagazel.com\/?post_type=product&#038;p=5087"},"modified":"2022-09-15T17:11:43","modified_gmt":"2022-09-15T15:11:43","slug":"station-usb-boumba","status":"publish","type":"product","link":"https:\/\/www.lagazel.com\/en\/boutique\/station-usb-boumba\/","title":{"rendered":"Station USB Boumba"},"content":{"rendered":"","protected":false},"excerpt":{"rendered":"<hr \/>\n<p>The SOBOX light solar kit responds to basic energy needs in isolated homes (residences in non-electrified rural zones, cabins\u2026). Equipped with a 50 Wc panel (scalable power) and a 10Ah battery, the Sobox light solar kit can supply up to four 12V energy efficient devices (light bulbs, fans), and has 2 slots for recharging mobile telephones and KALO lamps. The Sobox solar kit is very robust due to its metal design, and is adapted for use in difficult conditions.<\/p>\n<p><strong>Advantages:<\/strong><\/p>\n<ul>\n<li>free solar energy<\/li>\n<li>Metal system, robust, resistant to dropping<\/li>\n<li>Produced in France and Africa<\/li>\n<li>Replaceable battery<\/li>\n<li>Easy installation<\/li>\n<li>Intelligent protection (surges, deep discharges, overcurrent)<\/li>\n<li>Compatible with most PAYGO services suppliers<\/li>\n<\/ul>\n<div class=\"bloc-produit\"><\/div>\n<div class=\"text-light\" style=\"padding: 6px 10px 3px; background-color: #4d5662; margin-right: 5%;\">\n<p><img decoding=\"async\" style=\"--smush-placeholder-width: 40px; --smush-placeholder-aspect-ratio: 40\/34;margin-right: 15px; vertical-align: center; position: absolute;\" data-src=\"https:\/\/www.lagazel.com\/wp-content\/uploads\/2018\/11\/picto-produits-quantite.png\" alt=\"franc cfa\" width=\"40\" height=\"34\" src=\"data:image\/gif;base64,R0lGODlhAQABAAAAACH5BAEKAAEALAAAAAABAAEAAAICTAEAOw==\" class=\"lazyload\" \/><\/p>\n<p style=\"margin-left: 50px; color: #fff;\">High Volume Orders \u203a<a style=\"padding: 8px 5px; color: #fbba00;\" href=\"https:\/\/www.lagazel.com\/en\/demande-de-devis-personnalise\/\">Request a quote<\/a><\/p>\n<\/div>\n<div class=\"text-light\" style=\"padding: 6px 10px 3px; background-color: #333; margin-right: 5%;\">\n<p><img decoding=\"async\" style=\"--smush-placeholder-width: 40px; --smush-placeholder-aspect-ratio: 40\/34;margin-right: 15px; vertical-align: center; position: absolute;\" data-src=\"https:\/\/www.lagazel.com\/wp-content\/uploads\/2018\/11\/franc-cfa-2.png\" alt=\"franc cfa\" width=\"40\" height=\"34\" src=\"data:image\/gif;base64,R0lGODlhAQABAAAAACH5BAEKAAEALAAAAAABAAEAAAICTAEAOw==\" class=\"lazyload\" \/><\/p>\n<p style=\"margin-left: 50px; color: #fff;\">Buy in Africa \u203a<a style=\"padding: 8px 5px; color: #fbba00;\" href=\"https:\/\/www.lagazel.com\/en\/demande-de-devis-personnalise\/\">Request a quote<\/a><\/p>\n<\/div>\n","protected":false},"featured_media":5093,"template":"","meta":{"om_disable_all_campaigns":false,"_monsterinsights_skip_tracking":false,"_monsterinsights_sitenote_active":false,"_monsterinsights_sitenote_note":"","_monsterinsights_sitenote_category":0},"product_brand":[],"product_cat":[20],"product_tag":[],"class_list":{"0":"post-5087","1":"product","2":"type-product","3":"status-publish","4":"has-post-thumbnail","6":"product_cat-non-classifiee","8":"first","9":"instock","10":"taxable","11":"shipping-taxable","12":"product-type-simple"},"aioseo_notices":[],"yoast_head":"<!-- This site is optimized with the Yoast SEO plugin v24.9 - https:\/\/yoast.com\/wordpress\/plugins\/seo\/ -->\n<title>Station USB Boumba - Lagazel<\/title>\n<meta name=\"description\" content=\"La station USB Boumba est une station de charge solaire de t\u00e9l\u00e9phones portables. La station int\u00e8gre une batterie lithium de 9.6 Ah int\u00e9gr\u00e9e dans un casier s\u00e9curis\u00e9e, et est reli\u00e9e \u00e0 un panneau solaire de 100 Wc pour l\u2019alimentation. La station USB Boumba permet la recharge simultan\u00e9e de 16 t\u00e9l\u00e9phones, ou autres appareils rechargeables en USB...\" \/>\n<meta name=\"robots\" content=\"index, follow, max-snippet:-1, max-image-preview:large, max-video-preview:-1\" \/>\n<link rel=\"canonical\" href=\"https:\/\/www.lagazel.com\/en\/boutique\/station-usb-boumba\/\" \/>\n<meta property=\"og:locale\" content=\"en_US\" \/>\n<meta property=\"og:type\" content=\"article\" \/>\n<meta property=\"og:title\" content=\"Station USB Boumba - Lagazel\" \/>\n<meta property=\"og:description\" content=\"La station USB Boumba est une station de charge solaire de t\u00e9l\u00e9phones portables. La station int\u00e8gre une batterie lithium de 9.6 Ah int\u00e9gr\u00e9e dans un casier s\u00e9curis\u00e9e, et est reli\u00e9e \u00e0 un panneau solaire de 100 Wc pour l\u2019alimentation. La station USB Boumba permet la recharge simultan\u00e9e de 16 t\u00e9l\u00e9phones, ou autres appareils rechargeables en USB...\" \/>\n<meta property=\"og:url\" content=\"https:\/\/www.lagazel.com\/en\/boutique\/station-usb-boumba\/\" \/>\n<meta property=\"og:site_name\" content=\"Lagazel\" \/>\n<meta property=\"article:modified_time\" content=\"2022-09-15T15:11:43+00:00\" \/>\n<meta property=\"og:image\" content=\"https:\/\/www.lagazel.com\/wp-content\/uploads\/2022\/04\/station-usb-boumba-1.jpg\" \/>\n\t<meta property=\"og:image:width\" content=\"1200\" \/>\n\t<meta property=\"og:image:height\" content=\"1168\" \/>\n\t<meta property=\"og:image:type\" content=\"image\/jpeg\" \/>\n<meta name=\"twitter:card\" content=\"summary_large_image\" \/>\n<script type=\"application\/ld+json\" class=\"yoast-schema-graph\">{\"@context\":\"https:\/\/schema.org\",\"@graph\":[{\"@type\":\"WebPage\",\"@id\":\"https:\/\/www.lagazel.com\/en\/boutique\/station-usb-boumba\/\",\"url\":\"https:\/\/www.lagazel.com\/en\/boutique\/station-usb-boumba\/\",\"name\":\"Station USB Boumba - Lagazel\",\"isPartOf\":{\"@id\":\"https:\/\/www.lagazel.com\/en\/#website\"},\"primaryImageOfPage\":{\"@id\":\"https:\/\/www.lagazel.com\/en\/boutique\/station-usb-boumba\/#primaryimage\"},\"image\":{\"@id\":\"https:\/\/www.lagazel.com\/en\/boutique\/station-usb-boumba\/#primaryimage\"},\"thumbnailUrl\":\"https:\/\/www.lagazel.com\/wp-content\/uploads\/2022\/04\/station-usb-boumba-1.jpg\",\"datePublished\":\"2022-04-20T10:55:23+00:00\",\"dateModified\":\"2022-09-15T15:11:43+00:00\",\"description\":\"La station USB Boumba est une station de charge solaire de t\u00e9l\u00e9phones portables. La station int\u00e8gre une batterie lithium de 9.6 Ah int\u00e9gr\u00e9e dans un casier s\u00e9curis\u00e9e, et est reli\u00e9e \u00e0 un panneau solaire de 100 Wc pour l\u2019alimentation. La station USB Boumba permet la recharge simultan\u00e9e de 16 t\u00e9l\u00e9phones, ou autres appareils rechargeables en USB...\",\"breadcrumb\":{\"@id\":\"https:\/\/www.lagazel.com\/en\/boutique\/station-usb-boumba\/#breadcrumb\"},\"inLanguage\":\"en-US\",\"potentialAction\":[{\"@type\":\"ReadAction\",\"target\":[\"https:\/\/www.lagazel.com\/en\/boutique\/station-usb-boumba\/\"]}]},{\"@type\":\"ImageObject\",\"inLanguage\":\"en-US\",\"@id\":\"https:\/\/www.lagazel.com\/en\/boutique\/station-usb-boumba\/#primaryimage\",\"url\":\"https:\/\/www.lagazel.com\/wp-content\/uploads\/2022\/04\/station-usb-boumba-1.jpg\",\"contentUrl\":\"https:\/\/www.lagazel.com\/wp-content\/uploads\/2022\/04\/station-usb-boumba-1.jpg\",\"width\":1200,\"height\":1168},{\"@type\":\"BreadcrumbList\",\"@id\":\"https:\/\/www.lagazel.com\/en\/boutique\/station-usb-boumba\/#breadcrumb\",\"itemListElement\":[{\"@type\":\"ListItem\",\"position\":1,\"name\":\"Home\",\"item\":\"https:\/\/www.lagazel.com\/en\/\"},{\"@type\":\"ListItem\",\"position\":2,\"name\":\"Products\",\"item\":\"https:\/\/www.lagazel.com\/en\/shop\/\"},{\"@type\":\"ListItem\",\"position\":3,\"name\":\"Boumba USB Station\"}]},{\"@type\":\"WebSite\",\"@id\":\"https:\/\/www.lagazel.com\/en\/#website\",\"url\":\"https:\/\/www.lagazel.com\/en\/\",\"name\":\"Lagazel\",\"description\":\"Fabricant de lampe solaire pour l&#039;Afrique\",\"publisher\":{\"@id\":\"https:\/\/www.lagazel.com\/en\/#organization\"},\"potentialAction\":[{\"@type\":\"SearchAction\",\"target\":{\"@type\":\"EntryPoint\",\"urlTemplate\":\"https:\/\/www.lagazel.com\/en\/?s={search_term_string}\"},\"query-input\":{\"@type\":\"PropertyValueSpecification\",\"valueRequired\":true,\"valueName\":\"search_term_string\"}}],\"inLanguage\":\"en-US\"},{\"@type\":\"Organization\",\"@id\":\"https:\/\/www.lagazel.com\/en\/#organization\",\"name\":\"Lagazel\",\"url\":\"https:\/\/www.lagazel.com\/en\/\",\"logo\":{\"@type\":\"ImageObject\",\"inLanguage\":\"en-US\",\"@id\":\"https:\/\/www.lagazel.com\/en\/#\/schema\/logo\/image\/\",\"url\":\"https:\/\/www.lagazel.com\/wp-content\/uploads\/2018\/05\/lagazel-lampe-solaire-logo-grand.png\",\"contentUrl\":\"https:\/\/www.lagazel.com\/wp-content\/uploads\/2018\/05\/lagazel-lampe-solaire-logo-grand.png\",\"width\":170,\"height\":153,\"caption\":\"Lagazel\"},\"image\":{\"@id\":\"https:\/\/www.lagazel.com\/en\/#\/schema\/logo\/image\/\"}}]}<\/script>\n<!-- \/ Yoast SEO plugin. -->","yoast_head_json":{"title":"Station USB Boumba - Lagazel","description":"La station USB Boumba est une station de charge solaire de t\u00e9l\u00e9phones portables. La station int\u00e8gre une batterie lithium de 9.6 Ah int\u00e9gr\u00e9e dans un casier s\u00e9curis\u00e9e, et est reli\u00e9e \u00e0 un panneau solaire de 100 Wc pour l\u2019alimentation. La station USB Boumba permet la recharge simultan\u00e9e de 16 t\u00e9l\u00e9phones, ou autres appareils rechargeables en USB...","robots":{"index":"index","follow":"follow","max-snippet":"max-snippet:-1","max-image-preview":"max-image-preview:large","max-video-preview":"max-video-preview:-1"},"canonical":"https:\/\/www.lagazel.com\/en\/boutique\/station-usb-boumba\/","og_locale":"en_US","og_type":"article","og_title":"Station USB Boumba - Lagazel","og_description":"La station USB Boumba est une station de charge solaire de t\u00e9l\u00e9phones portables. La station int\u00e8gre une batterie lithium de 9.6 Ah int\u00e9gr\u00e9e dans un casier s\u00e9curis\u00e9e, et est reli\u00e9e \u00e0 un panneau solaire de 100 Wc pour l\u2019alimentation. La station USB Boumba permet la recharge simultan\u00e9e de 16 t\u00e9l\u00e9phones, ou autres appareils rechargeables en USB...","og_url":"https:\/\/www.lagazel.com\/en\/boutique\/station-usb-boumba\/","og_site_name":"Lagazel","article_modified_time":"2022-09-15T15:11:43+00:00","og_image":[{"width":1200,"height":1168,"url":"https:\/\/www.lagazel.com\/wp-content\/uploads\/2022\/04\/station-usb-boumba-1.jpg","type":"image\/jpeg"}],"twitter_card":"summary_large_image","schema":{"@context":"https:\/\/schema.org","@graph":[{"@type":"WebPage","@id":"https:\/\/www.lagazel.com\/en\/boutique\/station-usb-boumba\/","url":"https:\/\/www.lagazel.com\/en\/boutique\/station-usb-boumba\/","name":"Station USB Boumba - Lagazel","isPartOf":{"@id":"https:\/\/www.lagazel.com\/en\/#website"},"primaryImageOfPage":{"@id":"https:\/\/www.lagazel.com\/en\/boutique\/station-usb-boumba\/#primaryimage"},"image":{"@id":"https:\/\/www.lagazel.com\/en\/boutique\/station-usb-boumba\/#primaryimage"},"thumbnailUrl":"https:\/\/www.lagazel.com\/wp-content\/uploads\/2022\/04\/station-usb-boumba-1.jpg","datePublished":"2022-04-20T10:55:23+00:00","dateModified":"2022-09-15T15:11:43+00:00","description":"La station USB Boumba est une station de charge solaire de t\u00e9l\u00e9phones portables. La station int\u00e8gre une batterie lithium de 9.6 Ah int\u00e9gr\u00e9e dans un casier s\u00e9curis\u00e9e, et est reli\u00e9e \u00e0 un panneau solaire de 100 Wc pour l\u2019alimentation. La station USB Boumba permet la recharge simultan\u00e9e de 16 t\u00e9l\u00e9phones, ou autres appareils rechargeables en USB...","breadcrumb":{"@id":"https:\/\/www.lagazel.com\/en\/boutique\/station-usb-boumba\/#breadcrumb"},"inLanguage":"en-US","potentialAction":[{"@type":"ReadAction","target":["https:\/\/www.lagazel.com\/en\/boutique\/station-usb-boumba\/"]}]},{"@type":"ImageObject","inLanguage":"en-US","@id":"https:\/\/www.lagazel.com\/en\/boutique\/station-usb-boumba\/#primaryimage","url":"https:\/\/www.lagazel.com\/wp-content\/uploads\/2022\/04\/station-usb-boumba-1.jpg","contentUrl":"https:\/\/www.lagazel.com\/wp-content\/uploads\/2022\/04\/station-usb-boumba-1.jpg","width":1200,"height":1168},{"@type":"BreadcrumbList","@id":"https:\/\/www.lagazel.com\/en\/boutique\/station-usb-boumba\/#breadcrumb","itemListElement":[{"@type":"ListItem","position":1,"name":"Home","item":"https:\/\/www.lagazel.com\/en\/"},{"@type":"ListItem","position":2,"name":"Products","item":"https:\/\/www.lagazel.com\/en\/shop\/"},{"@type":"ListItem","position":3,"name":"Boumba USB Station"}]},{"@type":"WebSite","@id":"https:\/\/www.lagazel.com\/en\/#website","url":"https:\/\/www.lagazel.com\/en\/","name":"Lagazel","description":"Fabricant de lampe solaire pour l&#039;Afrique","publisher":{"@id":"https:\/\/www.lagazel.com\/en\/#organization"},"potentialAction":[{"@type":"SearchAction","target":{"@type":"EntryPoint","urlTemplate":"https:\/\/www.lagazel.com\/en\/?s={search_term_string}"},"query-input":{"@type":"PropertyValueSpecification","valueRequired":true,"valueName":"search_term_string"}}],"inLanguage":"en-US"},{"@type":"Organization","@id":"https:\/\/www.lagazel.com\/en\/#organization","name":"Lagazel","url":"https:\/\/www.lagazel.com\/en\/","logo":{"@type":"ImageObject","inLanguage":"en-US","@id":"https:\/\/www.lagazel.com\/en\/#\/schema\/logo\/image\/","url":"https:\/\/www.lagazel.com\/wp-content\/uploads\/2018\/05\/lagazel-lampe-solaire-logo-grand.png","contentUrl":"https:\/\/www.lagazel.com\/wp-content\/uploads\/2018\/05\/lagazel-lampe-solaire-logo-grand.png","width":170,"height":153,"caption":"Lagazel"},"image":{"@id":"https:\/\/www.lagazel.com\/en\/#\/schema\/logo\/image\/"}}]}},"_links":{"self":[{"href":"https:\/\/www.lagazel.com\/en\/wp-json\/wp\/v2\/product\/5087","targetHints":{"allow":["GET"]}}],"collection":[{"href":"https:\/\/www.lagazel.com\/en\/wp-json\/wp\/v2\/product"}],"about":[{"href":"https:\/\/www.lagazel.com\/en\/wp-json\/wp\/v2\/types\/product"}],"wp:featuredmedia":[{"embeddable":true,"href":"https:\/\/www.lagazel.com\/en\/wp-json\/wp\/v2\/media\/5093"}],"wp:attachment":[{"href":"https:\/\/www.lagazel.com\/en\/wp-json\/wp\/v2\/media?parent=5087"}],"wp:term":[{"taxonomy":"product_brand","embeddable":true,"href":"https:\/\/www.lagazel.com\/en\/wp-json\/wp\/v2\/product_brand?post=5087"},{"taxonomy":"product_cat","embeddable":true,"href":"https:\/\/www.lagazel.com\/en\/wp-json\/wp\/v2\/product_cat?post=5087"},{"taxonomy":"product_tag","embeddable":true,"href":"https:\/\/www.lagazel.com\/en\/wp-json\/wp\/v2\/product_tag?post=5087"}],"curies":[{"name":"wp","href":"https:\/\/api.w.org\/{rel}","templated":true}]}}